{"id":241,"date":"2017-05-11T12:59:41","date_gmt":"2017-05-11T12:59:41","guid":{"rendered":"http:\/\/agg.cat\/redes\/"},"modified":"2021-06-21T15:23:58","modified_gmt":"2021-06-21T15:23:58","slug":"xarxes","status":"publish","type":"page","link":"https:\/\/agg.cat\/ca\/xarxes\/","title":{"rendered":"Xarxes i testimoniatges"},"content":{"rendered":"<div class=\"wpb-content-wrapper\"><p>[vc_row][vc_column width=&#8221;1\/12&#8243; offset=&#8221;vc_col-lg-2 vc_col-md-1&#8243;][\/vc_column][vc_column offset=&#8221;vc_col-lg-8 vc_col-md-10&#8243;]\n         <h1 class='page-title'>Xarxes i testimoniatges<\/h1>\n               \n\n        <div class='text'>\n                \n                <div class='content-text'>\n                    <h4 class='optional featured-title'>\n                        \n                    <\/h4>\n                     <p>AGG forma part de les seg\u00fcents xarxes i entitats internacionals, amb les quals comparteix valors:<\/p>\n\n                <\/div>\n                    \n            <\/div>\n    \n\n            <div class='img-text bordered'>\n                <div class='row'>\n                    <div class='col-sm-3 d-flex'>\n                        <figure class='image my-auto'>\n                            <a href='#'>    \n                                <img src='https:\/\/agg.cat\/wp-content\/uploads\/2017\/05\/lgo_colour-300x300.jpg' alt='' \/>\n                            <\/a>\n                        <\/figure>\n                    <\/div>\n                    <div class='col-sm-9 '>\n                        <div class='text-xarxes mt-auto mb-auto w-100'>\n                        <h3 class='h4 mt-3 mb-3'>COMMERCIAL LAW GROUP<\/h3>\n                        <a href=\"http:\/\/www.clglaw.eu.\" target=\"_blank\" rel=\"noopener noreferrer\">www.clglaw.eu<\/a>.<\/p>\n<p>Alian\u00e7a mundial de firmes d&#8217;advocats mercantilistes.\n                        <\/div>\n\n                    <\/div>\n                <\/div>\n            <\/div>\n           \n\n        \n        \n\n            <div class='img-text bordered'>\n                <div class='row'>\n                    <div class='col-sm-3 d-flex'>\n                        <figure class='image my-auto'>\n                            <a href='#'>    \n                                <img src='https:\/\/agg.cat\/wp-content\/uploads\/2017\/05\/PandionPartners-300x82.png' alt='' \/>\n                            <\/a>\n                        <\/figure>\n                    <\/div>\n                    <div class='col-sm-9 '>\n                        <div class='text-xarxes mt-auto mb-auto w-100'>\n                        <h3 class='h4 mt-3 mb-3'>PANDION PARTNERS<\/h3>\n                        <a href=\"http:\/\/www.pandionpartners.com\" target=\"_blank\" rel=\"noopener noreferrer\">www.pandionpartners.com<\/a>.<\/p>\n<p>Entitat especialitzada en Mergers &amp; Acquisitions.\n                        <\/div>\n\n                    <\/div>\n                <\/div>\n            <\/div>\n           \n\n        \n        \n\n            <div class='img-text bordered'>\n                <div class='row'>\n                    <div class='col-sm-3 d-flex'>\n                        <figure class='image my-auto'>\n                            <a href='#'>    \n                                <img src='https:\/\/agg.cat\/wp-content\/uploads\/2017\/05\/ACG-300x110.png' alt='' \/>\n                            <\/a>\n                        <\/figure>\n                    <\/div>\n                    <div class='col-sm-9 '>\n                        <div class='text-xarxes mt-auto mb-auto w-100'>\n                        <h3 class='h4 mt-3 mb-3'>ASSOCIATION FOR CORPORATE GROWTH<\/h3>\n                        <a href=\"http:\/\/www.acg.org\" target=\"_blank\" rel=\"noopener noreferrer\">www.acg.org<\/a>.<\/p>\n<p>Associaci\u00f3 fundada el 1954, i organitzada per cap\u00edtols, t\u00e9 per finalitat ajudar al creixement de les companyies del <em>&#8220;middle-market&#8221;<\/em>\n                        <\/div>\n\n                    <\/div>\n                <\/div>\n            <\/div>\n           \n\n        \n        \n\n            <div class='img-text bordered'>\n                <div class='row'>\n                    <div class='col-sm-3 d-flex'>\n                        <figure class='image my-auto'>\n                            <a href='#'>    \n                                <img src='https:\/\/agg.cat\/wp-content\/uploads\/2017\/05\/pimec.png' alt='' \/>\n                            <\/a>\n                        <\/figure>\n                    <\/div>\n                    <div class='col-sm-9 '>\n                        <div class='text-xarxes mt-auto mb-auto w-100'>\n                        <h3 class='h4 mt-3 mb-3'>PIMEC<\/h3>\n                        <a href=\"https:\/\/www.pimec.org\/\" target=\"_blank\" rel=\"noopener noreferrer\">www.pimec.org<\/a><\/p>\n<p>PIMEC \u00e9s la principal confederaci\u00f3 patronal de la PIME a Catalunya, amb 112.000 associats. AGG es un membre actiu i col\u00b7laborador.\n                        <\/div>\n\n                    <\/div>\n                <\/div>\n            <\/div>\n           \n\n        \n        \n            \n            <div class='last-bordered'><\/div>\n              \n            <div class='text'>\n                \n                <div class='content-text'>\n                    <h4 class='optional featured-title'>\n                        \n                    <\/h4>\n                     <p>AGG afronta els reptes de la globalitzaci\u00f3 i la digitalitzaci\u00f3 amb els millors partners!<\/p>\n<p>Aquests s\u00f3n alguns dels clients que, al llarg dels anys, han confiat en AGG:<\/p>\n\n                <\/div>\n                    \n            <\/div>\n    \n            \n            <div class='partners mb-grid'>\n                <div class=\"partner\">\n        <img decoding=\"async\" src=\"https:\/\/agg.cat\/wp-content\/uploads\/2019\/01\/la-caixa.gif\" alt=\"\" \/>\n        <\/div><div class=\"partner\">\n        <img decoding=\"async\" src=\"https:\/\/agg.cat\/wp-content\/uploads\/2019\/01\/kbc.gif\" alt=\"\" \/>\n        <\/div><div class=\"partner\">\n        <img decoding=\"async\" src=\"https:\/\/agg.cat\/wp-content\/uploads\/2019\/01\/novartis.gif\" alt=\"\" \/>\n        <\/div><div class=\"partner\">\n        <img decoding=\"async\" src=\"https:\/\/agg.cat\/wp-content\/uploads\/2019\/01\/savills.gif\" alt=\"\" \/>\n        <\/div><div class=\"partner\">\n        <img decoding=\"async\" src=\"https:\/\/agg.cat\/wp-content\/uploads\/2019\/01\/control-group.gif\" alt=\"\" \/>\n        <\/div><div class=\"partner\">\n        <img decoding=\"async\" src=\"https:\/\/agg.cat\/wp-content\/uploads\/2019\/01\/minmetals.gif\" alt=\"\" \/>\n        <\/div><div class=\"partner\">\n        <img decoding=\"async\" src=\"https:\/\/agg.cat\/wp-content\/uploads\/2019\/01\/barberan.gif\" alt=\"\" \/>\n        <\/div><div class=\"partner\">\n        <img decoding=\"async\" src=\"https:\/\/agg.cat\/wp-content\/uploads\/2019\/01\/hillfast.gif\" alt=\"\" \/>\n        <\/div><div class=\"partner\">\n        <img decoding=\"async\" src=\"https:\/\/agg.cat\/wp-content\/uploads\/2019\/01\/reckitt.gif\" alt=\"\" \/>\n        <\/div><div class=\"partner\">\n        <img decoding=\"async\" src=\"https:\/\/agg.cat\/wp-content\/uploads\/2019\/01\/ktm.gif\" alt=\"\" \/>\n        <\/div><div class=\"partner\">\n        <img decoding=\"async\" src=\"https:\/\/agg.cat\/wp-content\/uploads\/2019\/01\/cobega.gif\" alt=\"\" \/>\n        <\/div><div class=\"partner\">\n        <img decoding=\"async\" src=\"https:\/\/agg.cat\/wp-content\/uploads\/2019\/01\/lafitte.gif\" alt=\"\" \/>\n        <\/div><div class=\"partner\">\n        <img decoding=\"async\" src=\"https:\/\/agg.cat\/wp-content\/uploads\/2019\/01\/ge.gif\" alt=\"\" \/>\n        <\/div><div class=\"partner\">\n        <img decoding=\"async\" src=\"https:\/\/agg.cat\/wp-content\/uploads\/2019\/01\/lipotec.gif\" alt=\"\" \/>\n        <\/div><div class=\"partner\">\n        <img decoding=\"async\" src=\"https:\/\/agg.cat\/wp-content\/uploads\/2019\/01\/draxton.gif\" alt=\"\" \/>\n        <\/div><div class=\"partner\">\n        <img decoding=\"async\" src=\"https:\/\/agg.cat\/wp-content\/uploads\/2019\/01\/roche.gif\" alt=\"\" \/>\n        <\/div><div class=\"partner\">\n        <img decoding=\"async\" src=\"https:\/\/agg.cat\/wp-content\/uploads\/2019\/01\/infun.gif\" alt=\"\" \/>\n        <\/div><div class=\"partner\">\n        <img decoding=\"async\" src=\"https:\/\/agg.cat\/wp-content\/uploads\/2019\/01\/gescobro.gif\" alt=\"\" \/>\n        <\/div>     \n            <\/div>\n                    \n           [\/vc_column][vc_column width=&#8221;1\/12&#8243; offset=&#8221;vc_col-lg-2 vc_col-md-1&#8243;][\/vc_column][\/vc_row]<\/p>\n<\/div>","protected":false},"excerpt":{"rendered":"<p>[vc_row][vc_column width=&#8221;1\/12&#8243; offset=&#8221;vc_col-lg-2 vc_col-md-1&#8243;][\/vc_column][vc_column offset=&#8221;vc_col-lg-8 vc_col-md-10&#8243;][\/vc_column][vc_column width=&#8221;1\/12&#8243; offset=&#8221;vc_col-lg-2 vc_col-md-1&#8243;][\/vc_column][\/vc_row]<\/p>\n","protected":false},"author":4,"featured_media":0,"parent":0,"menu_order":16,"comment_status":"closed","ping_status":"closed","template":"","meta":{"footnotes":""},"class_list":["post-241","page","type-page","status-publish","hentry"],"yoast_head":"<!-- This site is optimized with the Yoast SEO plugin v22.7 - https:\/\/yoast.com\/wordpress\/plugins\/seo\/ -->\n<title>Xarxes i testimoniatges - AGG Lawyers &amp; Advisors<\/title>\n<meta name=\"robots\" content=\"index, follow, max-snippet:-1, max-image-preview:large, max-video-preview:-1\" \/>\n<link rel=\"canonical\" href=\"https:\/\/agg.cat\/ca\/xarxes\/\" \/>\n<meta property=\"og:locale\" content=\"ca_ES\" \/>\n<meta property=\"og:type\" content=\"article\" \/>\n<meta property=\"og:title\" content=\"Xarxes i testimoniatges - AGG Lawyers &amp; Advisors\" \/>\n<meta property=\"og:description\" content=\"[vc_row][vc_column width=&#8221;1\/12&#8243; offset=&#8221;vc_col-lg-2 vc_col-md-1&#8243;][\/vc_column][vc_column offset=&#8221;vc_col-lg-8 vc_col-md-10&#8243;][\/vc_column][vc_column width=&#8221;1\/12&#8243; offset=&#8221;vc_col-lg-2 vc_col-md-1&#8243;][\/vc_column][\/vc_row]\" \/>\n<meta property=\"og:url\" content=\"https:\/\/agg.cat\/ca\/xarxes\/\" \/>\n<meta property=\"og:site_name\" content=\"AGG Lawyers &amp; Advisors\" \/>\n<meta property=\"article:modified_time\" content=\"2021-06-21T15:23:58+00:00\" \/>\n<meta name=\"twitter:card\" content=\"summary_large_image\" \/>\n<meta name=\"twitter:label1\" content=\"Temps estimat de lectura\" \/>\n\t<meta name=\"twitter:data1\" content=\"1 minut\" \/>\n<script type=\"application\/ld+json\" class=\"yoast-schema-graph\">{\"@context\":\"https:\/\/schema.org\",\"@graph\":[{\"@type\":\"WebPage\",\"@id\":\"https:\/\/agg.cat\/ca\/xarxes\/\",\"url\":\"https:\/\/agg.cat\/ca\/xarxes\/\",\"name\":\"Xarxes i testimoniatges - AGG Lawyers &amp; Advisors\",\"isPartOf\":{\"@id\":\"https:\/\/agg.cat\/#website\"},\"datePublished\":\"2017-05-11T12:59:41+00:00\",\"dateModified\":\"2021-06-21T15:23:58+00:00\",\"breadcrumb\":{\"@id\":\"https:\/\/agg.cat\/ca\/xarxes\/#breadcrumb\"},\"inLanguage\":\"ca\",\"potentialAction\":[{\"@type\":\"ReadAction\",\"target\":[\"https:\/\/agg.cat\/ca\/xarxes\/\"]}]},{\"@type\":\"BreadcrumbList\",\"@id\":\"https:\/\/agg.cat\/ca\/xarxes\/#breadcrumb\",\"itemListElement\":[{\"@type\":\"ListItem\",\"position\":1,\"name\":\"Portada\",\"item\":\"https:\/\/agg.cat\/ca\/\"},{\"@type\":\"ListItem\",\"position\":2,\"name\":\"Xarxes i testimoniatges\"}]},{\"@type\":\"WebSite\",\"@id\":\"https:\/\/agg.cat\/#website\",\"url\":\"https:\/\/agg.cat\/\",\"name\":\"AGG Lawyers &amp; Advisors\",\"description\":\"AGG es una firma de abogados y asesores especializada en el a\u0301mbito de los negocios y la empresa\",\"potentialAction\":[{\"@type\":\"SearchAction\",\"target\":{\"@type\":\"EntryPoint\",\"urlTemplate\":\"https:\/\/agg.cat\/?s={search_term_string}\"},\"query-input\":\"required name=search_term_string\"}],\"inLanguage\":\"ca\"}]}<\/script>\n<!-- \/ Yoast SEO plugin. -->","yoast_head_json":{"title":"Xarxes i testimoniatges - AGG Lawyers &amp; Advisors","robots":{"index":"index","follow":"follow","max-snippet":"max-snippet:-1","max-image-preview":"max-image-preview:large","max-video-preview":"max-video-preview:-1"},"canonical":"https:\/\/agg.cat\/ca\/xarxes\/","og_locale":"ca_ES","og_type":"article","og_title":"Xarxes i testimoniatges - AGG Lawyers &amp; Advisors","og_description":"[vc_row][vc_column width=&#8221;1\/12&#8243; offset=&#8221;vc_col-lg-2 vc_col-md-1&#8243;][\/vc_column][vc_column offset=&#8221;vc_col-lg-8 vc_col-md-10&#8243;][\/vc_column][vc_column width=&#8221;1\/12&#8243; offset=&#8221;vc_col-lg-2 vc_col-md-1&#8243;][\/vc_column][\/vc_row]","og_url":"https:\/\/agg.cat\/ca\/xarxes\/","og_site_name":"AGG Lawyers &amp; Advisors","article_modified_time":"2021-06-21T15:23:58+00:00","twitter_card":"summary_large_image","twitter_misc":{"Temps estimat de lectura":"1 minut"},"schema":{"@context":"https:\/\/schema.org","@graph":[{"@type":"WebPage","@id":"https:\/\/agg.cat\/ca\/xarxes\/","url":"https:\/\/agg.cat\/ca\/xarxes\/","name":"Xarxes i testimoniatges - AGG Lawyers &amp; Advisors","isPartOf":{"@id":"https:\/\/agg.cat\/#website"},"datePublished":"2017-05-11T12:59:41+00:00","dateModified":"2021-06-21T15:23:58+00:00","breadcrumb":{"@id":"https:\/\/agg.cat\/ca\/xarxes\/#breadcrumb"},"inLanguage":"ca","potentialAction":[{"@type":"ReadAction","target":["https:\/\/agg.cat\/ca\/xarxes\/"]}]},{"@type":"BreadcrumbList","@id":"https:\/\/agg.cat\/ca\/xarxes\/#breadcrumb","itemListElement":[{"@type":"ListItem","position":1,"name":"Portada","item":"https:\/\/agg.cat\/ca\/"},{"@type":"ListItem","position":2,"name":"Xarxes i testimoniatges"}]},{"@type":"WebSite","@id":"https:\/\/agg.cat\/#website","url":"https:\/\/agg.cat\/","name":"AGG Lawyers &amp; Advisors","description":"AGG es una firma de abogados y asesores especializada en el a\u0301mbito de los negocios y la empresa","potentialAction":[{"@type":"SearchAction","target":{"@type":"EntryPoint","urlTemplate":"https:\/\/agg.cat\/?s={search_term_string}"},"query-input":"required name=search_term_string"}],"inLanguage":"ca"}]}},"_links":{"self":[{"href":"https:\/\/agg.cat\/ca\/wp-json\/wp\/v2\/pages\/241","targetHints":{"allow":["GET"]}}],"collection":[{"href":"https:\/\/agg.cat\/ca\/wp-json\/wp\/v2\/pages"}],"about":[{"href":"https:\/\/agg.cat\/ca\/wp-json\/wp\/v2\/types\/page"}],"author":[{"embeddable":true,"href":"https:\/\/agg.cat\/ca\/wp-json\/wp\/v2\/users\/4"}],"replies":[{"embeddable":true,"href":"https:\/\/agg.cat\/ca\/wp-json\/wp\/v2\/comments?post=241"}],"version-history":[{"count":0,"href":"https:\/\/agg.cat\/ca\/wp-json\/wp\/v2\/pages\/241\/revisions"}],"wp:attachment":[{"href":"https:\/\/agg.cat\/ca\/wp-json\/wp\/v2\/media?parent=241"}],"curies":[{"name":"wp","href":"https:\/\/api.w.org\/{rel}","templated":true}]}}