{"id":263,"date":"2017-05-11T12:59:33","date_gmt":"2017-05-11T12:59:33","guid":{"rendered":"http:\/\/agg.cat\/practice-areas\/"},"modified":"2021-12-09T08:45:54","modified_gmt":"2021-12-09T08:45:54","slug":"practice-areas","status":"publish","type":"page","link":"https:\/\/agg.cat\/ca\/practice-areas\/","title":{"rendered":"Practice Areas"},"content":{"rendered":"<div class=\"wpb-content-wrapper\"><p>[vc_row][vc_column width=&#8221;1\/6&#8243;][\/vc_column][vc_column width=&#8221;2\/3&#8243;]\n         <h1 class='page-title'>Practice Areas<\/h1>\n               \n\n        [\/vc_column][vc_column width=&#8221;1\/6&#8243;][\/vc_column][\/vc_row][vc_row el_id=&#8221;tax&#8221;][vc_column width=&#8221;1\/6&#8243; offset=&#8221;vc_col-lg-2 vc_col-md-1&#8243;][\/vc_column][vc_column width=&#8221;2\/3&#8243; offset=&#8221;vc_col-lg-8 vc_col-md-10&#8243;]\n            \n            <div class='space'><\/div>\n              \n            <div class='featured-block'>\n                \n                <div class='title-text'>\n                    <h2 class='h1 mt-0 mb-0'>\n                        AGG TAX\n                    <\/h2>\n                    <h3 class='h1 mt-0 fst-italic'>\n                        <i>Makes sense!<\/i>\n                    <\/h3>\n                <\/div>\n                <div class='content-text'>\n                     <p>La nostra especialitzaci\u00f3 ens permet aportar les millors propostes fiscals en casos de:<\/p>\n<ul>\n<li>Tributaci\u00f3 de l&#8217;empresa i directius.<\/li>\n<li>Inspeccions de tributs i preparaci\u00f3 de recursos.<\/li>\n<li>Planificaci\u00f3 i optimitzaci\u00f3 fiscal.<\/li>\n<li>Empresa familiar.<\/li>\n<li>Successi\u00f3 empresarial i familiar.<\/li>\n<li><em>Family office<\/em>.<\/li>\n<\/ul>\n\n                <\/div>\n                    \n            <\/div>\n    [\/vc_column][vc_column width=&#8221;1\/6&#8243; offset=&#8221;vc_col-lg-2 vc_col-md-1&#8243;][\/vc_column][\/vc_row][vc_row el_id=&#8221;laboral&#8221;][vc_column width=&#8221;1\/6&#8243; offset=&#8221;vc_col-lg-2 vc_col-md-1&#8243;][\/vc_column][vc_column width=&#8221;2\/3&#8243; offset=&#8221;vc_col-lg-8 vc_col-md-10&#8243;]<div class='featured-block'>\n                \n                <div class='title-text'>\n                    <h2 class='h1 mt-0 mb-0'>\n                        LABORAL &amp; COMPLIANCE\n                    <\/h2>\n                    <h3 class='h1 mt-0 fst-italic'>\n                        <i>Fine-tune your business!<\/i>\n                    <\/h3>\n                <\/div>\n                <div class='content-text'>\n                     <p>En un escenari de creixent complexitat i hiperactivitat legislativa, l&#8217;empresa no pot estar al dia de les constants novetats. En aquest context, amb un enfocament comprom\u00e8s, AGG ofereix:<\/p>\n<ul>\n<li>Assessorament recurrent a empreses en mat\u00e8ria de dret laboral i de seguretat social<\/li>\n<li>Suport a l&#8217;empresa en la soluci\u00f3 de conflictes laborals i en la negociaci\u00f3 col\u00b7lectiva<\/li>\n<li>Acompanyament en mat\u00e8ria de compliment normatiu en mat\u00e8ria laboral (plans d\u00b4igualtat, registre retributiu, protocols, etc)<\/li>\n<li>Assessorament en mat\u00e8ria de compliment normatiu en altres mat\u00e8ries, principalment penal, amb la implementaci\u00f3 de sistemes de compliance.<\/li>\n<li>Assessorament i compliment normatiu en protecci\u00f3 de dades.<\/li>\n<\/ul>\n<p>Demaneu un pressupost!<\/p>\n\n                <\/div>\n                    \n            <\/div>\n    [\/vc_column][vc_column width=&#8221;1\/6&#8243; offset=&#8221;vc_col-lg-2 vc_col-md-1&#8243;][\/vc_column][\/vc_row][vc_row el_id=&#8221;legal&#8221;][vc_column width=&#8221;1\/6&#8243; offset=&#8221;vc_col-lg-2 vc_col-md-1&#8243;][\/vc_column][vc_column width=&#8221;2\/3&#8243; offset=&#8221;vc_col-lg-8 vc_col-md-10&#8243;]<div class='featured-block'>\n                \n                <div class='title-text'>\n                    <h2 class='h1 mt-0 mb-0'>\n                        AGG LEGAL\n                    <\/h2>\n                    <h3 class='h1 mt-0 fst-italic'>\n                        <i>Your legal partner<\/i>\n                    <\/h3>\n                <\/div>\n                <div class='content-text'>\n                     <p>Necessita assessorament legal? Treballem per ser el seu partner en \u00e0mbits jur\u00eddics com:<\/p>\n<ul>\n<li>Redacci\u00f3 i negociaci\u00f3 de tot tipus de contractes amb prove\u00efdors, clients, bancs, empleats, etc.<\/li>\n<li>Processal laboral.<\/li>\n<li>Litigaci\u00f3 cross-border.<\/li>\n<li>Responsabilitat de directius.<\/li>\n<li>Processal derivat d&#8217;operacions corporatives i estructurals.<\/li>\n<li>Carteres de cr\u00e8dit.<\/li>\n<\/ul>\n\n                <\/div>\n                    \n            <\/div>\n    [\/vc_column][vc_column width=&#8221;1\/6&#8243; offset=&#8221;vc_col-lg-2 vc_col-md-1&#8243;][\/vc_column][\/vc_row][vc_row el_id=&#8221;concursal&#8221;][vc_column width=&#8221;1\/6&#8243; offset=&#8221;vc_col-lg-2 vc_col-md-1&#8243;][\/vc_column][vc_column width=&#8221;2\/3&#8243; offset=&#8221;vc_col-lg-8 vc_col-md-10&#8243;]<div class='featured-block'>\n                \n                <div class='title-text'>\n                    <h2 class='h1 mt-0 mb-0'>\n                        AGG CONCURSAL\n                    <\/h2>\n                    <h3 class='h1 mt-0 fst-italic'>\n                        <i>Transparency and effectiveness<\/i>\n                    <\/h3>\n                <\/div>\n                <div class='content-text'>\n                     <p>Al sector de la insolv\u00e8ncia i de les reestructuracions AGG presta els seus serveis com:<\/p>\n<ul>\n<li>Administraci\u00f3 concursal per Jutjats Mercantils. AGG tracta d&#8217;optimitzar el retorn al creditor, escur\u00e7ant els terminis de tramitaci\u00f3, amb la m\u00e0xima transpar\u00e8ncia possible.<\/li>\n<li>Suport a l&#8217;empresa en crisi:<\/li>\n<li>Cross-border Insolvency.<\/li>\n<li>Re-negociaci\u00f3 amb creditors, especialment financers. Stand-still.<\/li>\n<li>Reestructuraci\u00f3, refinan\u00e7ament i acords d&#8217;homologaci\u00f3 judicial.<\/li>\n<li>Obtenci\u00f3 de fresh-money.<\/li>\n<li>Interim management.<\/li>\n<li>Seguiment, si escau, del procediment.<\/li>\n<\/ul>\n\n                <\/div>\n                    \n            <\/div>\n    [\/vc_column][vc_column width=&#8221;1\/6&#8243; offset=&#8221;vc_col-lg-2 vc_col-md-1&#8243;][\/vc_column][\/vc_row][vc_row el_id=&#8221;corporate-finance&#8221;][vc_column width=&#8221;1\/6&#8243; offset=&#8221;vc_col-lg-2 vc_col-md-1&#8243;][\/vc_column][vc_column width=&#8221;2\/3&#8243; offset=&#8221;vc_col-lg-8 vc_col-md-10&#8243;]<div class='featured-block'>\n                \n                <div class='title-text'>\n                    <h2 class='h1 mt-0 mb-0'>\n                        AGG CORPORATE Y M&amp;A\n                    <\/h2>\n                    <h3 class='h1 mt-0 fst-italic'>\n                        <i>Secure the deal!<\/i>\n                    <\/h3>\n                <\/div>\n                <div class='content-text'>\n                     <p>No deixi que un pas en fals tiri per terra l&#8217;\u00e8xit d&#8217;una operaci\u00f3 empresarial.<\/p>\n<p>AGG \u00e9s la millor opci\u00f3 per assegurar l&#8217;\u00e8xit en el seu dia a dia i operacions corporatives:<\/p>\n<ul>\n<li>Secretaria mercantil, canvis societaris, r\u00e8gim d&#8217;administraci\u00f3, apoderats i comptes anuals.<\/li>\n<li>Assessorament en comptabilitat i tributaci\u00f3 peri\u00f2dica.<\/li>\n<li>Negociaci\u00f3 col\u00b7lectiva.<\/li>\n<li>Vendes \/ Compres de companyies al <em>MIDD-market<\/em>.<\/li>\n<li>Fusions, escissions i altres modificacions estructurals.<\/li>\n<li>Sortida i entrada d&#8217;accionistes.<\/li>\n<li><em>Management buy-out \/ buy-in.<\/em><\/li>\n<\/ul>\n<p>AGG \u00e9s el soci espanyol de la prestigiosa xarxa internacional de M&amp;A Pandion Partners.<\/p>\n<p><img loading=\"lazy\" decoding=\"async\" class=\"alignnone size-medium wp-image-52\" src=\"http:\/\/agg.cat\/wp-content\/uploads\/2017\/05\/PandionPartners-300x82.png\" alt=\"\" width=\"300\" height=\"82\" srcset=\"https:\/\/agg.cat\/wp-content\/uploads\/2017\/05\/PandionPartners-300x82.png 300w, https:\/\/agg.cat\/wp-content\/uploads\/2017\/05\/PandionPartners.png 500w\" sizes=\"auto, (max-width: 300px) 100vw, 300px\" \/><\/p>\n\n                <\/div>\n                    \n            <\/div>\n    [\/vc_column][vc_column width=&#8221;1\/6&#8243; offset=&#8221;vc_col-lg-2 vc_col-md-1&#8243;][\/vc_column][\/vc_row][vc_row el_id=&#8221;real-estate&#8221;][vc_column width=&#8221;1\/6&#8243; offset=&#8221;vc_col-lg-2 vc_col-md-1&#8243;][\/vc_column][vc_column width=&#8221;2\/3&#8243; offset=&#8221;vc_col-lg-8 vc_col-md-10&#8243;]<div class='featured-block'>\n                \n                <div class='title-text'>\n                    <h2 class='h1 mt-0 mb-0'>\n                        AGG REAL ESTATE\n                    <\/h2>\n                    <h3 class='h1 mt-0 fst-italic'>\n                        Intermediaci\u00f3 Immobili\u00e0ria\n                    <\/h3>\n                <\/div>\n                <div class='content-text'>\n                     <p>AGG assessora als seus clients i als family offices per garantir l&#8217;\u00e8xit de les inversions i desinversions immobili\u00e0ries:<\/p>\n<ul>\n<li>Definici\u00f3 d&#8217;estrat\u00e8gia, selecci\u00f3 de producte, c\u00e0lculs de rendibilitat.<\/li>\n<li>Acompanyament en les negociacions i transacci\u00f3.<\/li>\n<li>Gesti\u00f3 de carteres.<\/li>\n<li>Reclamacions i litigiositat associada.<\/li>\n<\/ul>\n\n                <\/div>\n                    \n            <\/div>\n    [\/vc_column][vc_column width=&#8221;1\/6&#8243; offset=&#8221;vc_col-lg-2 vc_col-md-1&#8243;][\/vc_column][\/vc_row]<\/p>\n<\/div>","protected":false},"excerpt":{"rendered":"<p>[vc_row][vc_column width=&#8221;1\/6&#8243;][\/vc_column][vc_column width=&#8221;2\/3&#8243;][\/vc_column][vc_column width=&#8221;1\/6&#8243;][\/vc_column][\/vc_row][vc_row el_id=&#8221;tax&#8221;][vc_column width=&#8221;1\/6&#8243; offset=&#8221;vc_col-lg-2 vc_col-md-1&#8243;][\/vc_column][vc_column width=&#8221;2\/3&#8243; offset=&#8221;vc_col-lg-8 vc_col-md-10&#8243;][\/vc_column][vc_column width=&#8221;1\/6&#8243; offset=&#8221;vc_col-lg-2 vc_col-md-1&#8243;][\/vc_column][\/vc_row][vc_row el_id=&#8221;laboral&#8221;][vc_column width=&#8221;1\/6&#8243; offset=&#8221;vc_col-lg-2 vc_col-md-1&#8243;][\/vc_column][vc_column width=&#8221;2\/3&#8243; offset=&#8221;vc_col-lg-8<\/p>\n","protected":false},"author":4,"featured_media":0,"parent":0,"menu_order":12,"comment_status":"closed","ping_status":"closed","template":"","meta":{"footnotes":""},"class_list":["post-263","page","type-page","status-publish","hentry"],"yoast_head":"<!-- This site is optimized with the Yoast SEO plugin v22.7 - https:\/\/yoast.com\/wordpress\/plugins\/seo\/ -->\n<title>Practice Areas - AGG Lawyers &amp; Advisors<\/title>\n<meta name=\"robots\" content=\"index, follow, max-snippet:-1, max-image-preview:large, max-video-preview:-1\" \/>\n<link rel=\"canonical\" href=\"https:\/\/agg.cat\/ca\/practice-areas\/\" \/>\n<meta property=\"og:locale\" content=\"ca_ES\" \/>\n<meta property=\"og:type\" content=\"article\" \/>\n<meta property=\"og:title\" content=\"Practice Areas - AGG Lawyers &amp; Advisors\" \/>\n<meta property=\"og:description\" content=\"[vc_row][vc_column width=&#8221;1\/6&#8243;][\/vc_column][vc_column width=&#8221;2\/3&#8243;][\/vc_column][vc_column width=&#8221;1\/6&#8243;][\/vc_column][\/vc_row][vc_row el_id=&#8221;tax&#8221;][vc_column width=&#8221;1\/6&#8243; offset=&#8221;vc_col-lg-2 vc_col-md-1&#8243;][\/vc_column][vc_column width=&#8221;2\/3&#8243; offset=&#8221;vc_col-lg-8 vc_col-md-10&#8243;][\/vc_column][vc_column width=&#8221;1\/6&#8243; offset=&#8221;vc_col-lg-2 vc_col-md-1&#8243;][\/vc_column][\/vc_row][vc_row el_id=&#8221;laboral&#8221;][vc_column width=&#8221;1\/6&#8243; offset=&#8221;vc_col-lg-2 vc_col-md-1&#8243;][\/vc_column][vc_column width=&#8221;2\/3&#8243; offset=&#8221;vc_col-lg-8\" \/>\n<meta property=\"og:url\" content=\"https:\/\/agg.cat\/ca\/practice-areas\/\" \/>\n<meta property=\"og:site_name\" content=\"AGG Lawyers &amp; Advisors\" \/>\n<meta property=\"article:modified_time\" content=\"2021-12-09T08:45:54+00:00\" \/>\n<meta property=\"og:image\" content=\"http:\/\/agg.cat\/wp-content\/uploads\/2017\/05\/PandionPartners-300x82.png\" \/>\n<meta name=\"twitter:card\" content=\"summary_large_image\" \/>\n<meta name=\"twitter:label1\" content=\"Temps estimat de lectura\" \/>\n\t<meta name=\"twitter:data1\" content=\"3 minuts\" \/>\n<script type=\"application\/ld+json\" class=\"yoast-schema-graph\">{\"@context\":\"https:\/\/schema.org\",\"@graph\":[{\"@type\":\"WebPage\",\"@id\":\"https:\/\/agg.cat\/ca\/practice-areas\/\",\"url\":\"https:\/\/agg.cat\/ca\/practice-areas\/\",\"name\":\"Practice Areas - AGG Lawyers &amp; Advisors\",\"isPartOf\":{\"@id\":\"https:\/\/agg.cat\/#website\"},\"primaryImageOfPage\":{\"@id\":\"https:\/\/agg.cat\/ca\/practice-areas\/#primaryimage\"},\"image\":{\"@id\":\"https:\/\/agg.cat\/ca\/practice-areas\/#primaryimage\"},\"thumbnailUrl\":\"http:\/\/agg.cat\/wp-content\/uploads\/2017\/05\/PandionPartners-300x82.png\",\"datePublished\":\"2017-05-11T12:59:33+00:00\",\"dateModified\":\"2021-12-09T08:45:54+00:00\",\"breadcrumb\":{\"@id\":\"https:\/\/agg.cat\/ca\/practice-areas\/#breadcrumb\"},\"inLanguage\":\"ca\",\"potentialAction\":[{\"@type\":\"ReadAction\",\"target\":[\"https:\/\/agg.cat\/ca\/practice-areas\/\"]}]},{\"@type\":\"ImageObject\",\"inLanguage\":\"ca\",\"@id\":\"https:\/\/agg.cat\/ca\/practice-areas\/#primaryimage\",\"url\":\"http:\/\/agg.cat\/wp-content\/uploads\/2017\/05\/PandionPartners-300x82.png\",\"contentUrl\":\"http:\/\/agg.cat\/wp-content\/uploads\/2017\/05\/PandionPartners-300x82.png\"},{\"@type\":\"BreadcrumbList\",\"@id\":\"https:\/\/agg.cat\/ca\/practice-areas\/#breadcrumb\",\"itemListElement\":[{\"@type\":\"ListItem\",\"position\":1,\"name\":\"Portada\",\"item\":\"https:\/\/agg.cat\/ca\/\"},{\"@type\":\"ListItem\",\"position\":2,\"name\":\"Practice Areas\"}]},{\"@type\":\"WebSite\",\"@id\":\"https:\/\/agg.cat\/#website\",\"url\":\"https:\/\/agg.cat\/\",\"name\":\"AGG Lawyers &amp; Advisors\",\"description\":\"AGG es una firma de abogados y asesores especializada en el a\u0301mbito de los negocios y la empresa\",\"potentialAction\":[{\"@type\":\"SearchAction\",\"target\":{\"@type\":\"EntryPoint\",\"urlTemplate\":\"https:\/\/agg.cat\/?s={search_term_string}\"},\"query-input\":\"required name=search_term_string\"}],\"inLanguage\":\"ca\"}]}<\/script>\n<!-- \/ Yoast SEO plugin. -->","yoast_head_json":{"title":"Practice Areas - AGG Lawyers &amp; Advisors","robots":{"index":"index","follow":"follow","max-snippet":"max-snippet:-1","max-image-preview":"max-image-preview:large","max-video-preview":"max-video-preview:-1"},"canonical":"https:\/\/agg.cat\/ca\/practice-areas\/","og_locale":"ca_ES","og_type":"article","og_title":"Practice Areas - AGG Lawyers &amp; Advisors","og_description":"[vc_row][vc_column width=&#8221;1\/6&#8243;][\/vc_column][vc_column width=&#8221;2\/3&#8243;][\/vc_column][vc_column width=&#8221;1\/6&#8243;][\/vc_column][\/vc_row][vc_row el_id=&#8221;tax&#8221;][vc_column width=&#8221;1\/6&#8243; offset=&#8221;vc_col-lg-2 vc_col-md-1&#8243;][\/vc_column][vc_column width=&#8221;2\/3&#8243; offset=&#8221;vc_col-lg-8 vc_col-md-10&#8243;][\/vc_column][vc_column width=&#8221;1\/6&#8243; offset=&#8221;vc_col-lg-2 vc_col-md-1&#8243;][\/vc_column][\/vc_row][vc_row el_id=&#8221;laboral&#8221;][vc_column width=&#8221;1\/6&#8243; offset=&#8221;vc_col-lg-2 vc_col-md-1&#8243;][\/vc_column][vc_column width=&#8221;2\/3&#8243; offset=&#8221;vc_col-lg-8","og_url":"https:\/\/agg.cat\/ca\/practice-areas\/","og_site_name":"AGG Lawyers &amp; Advisors","article_modified_time":"2021-12-09T08:45:54+00:00","og_image":[{"url":"http:\/\/agg.cat\/wp-content\/uploads\/2017\/05\/PandionPartners-300x82.png"}],"twitter_card":"summary_large_image","twitter_misc":{"Temps estimat de lectura":"3 minuts"},"schema":{"@context":"https:\/\/schema.org","@graph":[{"@type":"WebPage","@id":"https:\/\/agg.cat\/ca\/practice-areas\/","url":"https:\/\/agg.cat\/ca\/practice-areas\/","name":"Practice Areas - AGG Lawyers &amp; Advisors","isPartOf":{"@id":"https:\/\/agg.cat\/#website"},"primaryImageOfPage":{"@id":"https:\/\/agg.cat\/ca\/practice-areas\/#primaryimage"},"image":{"@id":"https:\/\/agg.cat\/ca\/practice-areas\/#primaryimage"},"thumbnailUrl":"http:\/\/agg.cat\/wp-content\/uploads\/2017\/05\/PandionPartners-300x82.png","datePublished":"2017-05-11T12:59:33+00:00","dateModified":"2021-12-09T08:45:54+00:00","breadcrumb":{"@id":"https:\/\/agg.cat\/ca\/practice-areas\/#breadcrumb"},"inLanguage":"ca","potentialAction":[{"@type":"ReadAction","target":["https:\/\/agg.cat\/ca\/practice-areas\/"]}]},{"@type":"ImageObject","inLanguage":"ca","@id":"https:\/\/agg.cat\/ca\/practice-areas\/#primaryimage","url":"http:\/\/agg.cat\/wp-content\/uploads\/2017\/05\/PandionPartners-300x82.png","contentUrl":"http:\/\/agg.cat\/wp-content\/uploads\/2017\/05\/PandionPartners-300x82.png"},{"@type":"BreadcrumbList","@id":"https:\/\/agg.cat\/ca\/practice-areas\/#breadcrumb","itemListElement":[{"@type":"ListItem","position":1,"name":"Portada","item":"https:\/\/agg.cat\/ca\/"},{"@type":"ListItem","position":2,"name":"Practice Areas"}]},{"@type":"WebSite","@id":"https:\/\/agg.cat\/#website","url":"https:\/\/agg.cat\/","name":"AGG Lawyers &amp; Advisors","description":"AGG es una firma de abogados y asesores especializada en el a\u0301mbito de los negocios y la empresa","potentialAction":[{"@type":"SearchAction","target":{"@type":"EntryPoint","urlTemplate":"https:\/\/agg.cat\/?s={search_term_string}"},"query-input":"required name=search_term_string"}],"inLanguage":"ca"}]}},"_links":{"self":[{"href":"https:\/\/agg.cat\/ca\/wp-json\/wp\/v2\/pages\/263","targetHints":{"allow":["GET"]}}],"collection":[{"href":"https:\/\/agg.cat\/ca\/wp-json\/wp\/v2\/pages"}],"about":[{"href":"https:\/\/agg.cat\/ca\/wp-json\/wp\/v2\/types\/page"}],"author":[{"embeddable":true,"href":"https:\/\/agg.cat\/ca\/wp-json\/wp\/v2\/users\/4"}],"replies":[{"embeddable":true,"href":"https:\/\/agg.cat\/ca\/wp-json\/wp\/v2\/comments?post=263"}],"version-history":[{"count":3,"href":"https:\/\/agg.cat\/ca\/wp-json\/wp\/v2\/pages\/263\/revisions"}],"predecessor-version":[{"id":659,"href":"https:\/\/agg.cat\/ca\/wp-json\/wp\/v2\/pages\/263\/revisions\/659"}],"wp:attachment":[{"href":"https:\/\/agg.cat\/ca\/wp-json\/wp\/v2\/media?parent=263"}],"curies":[{"name":"wp","href":"https:\/\/api.w.org\/{rel}","templated":true}]}}