{"id":277,"date":"2017-05-15T14:44:46","date_gmt":"2017-05-15T14:44:46","guid":{"rendered":"http:\/\/agg.cat\/politica-de-honorarios\/"},"modified":"2021-06-21T15:23:59","modified_gmt":"2021-06-21T15:23:59","slug":"politica-dhonoraris","status":"publish","type":"page","link":"https:\/\/agg.cat\/ca\/politica-dhonoraris\/","title":{"rendered":"Pol\u00edtica d&#8217;honoraris"},"content":{"rendered":"<div class=\"wpb-content-wrapper\"><p>[vc_row][vc_column width=&#8221;1\/12&#8243; offset=&#8221;vc_col-lg-2 vc_col-md-1&#8243;][\/vc_column][vc_column offset=&#8221;vc_col-lg-8 vc_col-md-10&#8243;]\n    <div class='mb-grid'>\n        <h1 class='page-title'>\n            Aportaci\u00f3 de valor<br \/>\ni pol\u00edtica d'honoraris\n        <\/h1>\n        <p class='h2 featured-text '>\n            La creaci\u00f3 de valor forma part de l'ADN d'AGG, i per aix\u00f2 la pol\u00edtica d'honoraris est\u00e0 perfectament alineada per aconseguir aquest objectiu.\n        <\/p>\n        \n            <p><strong><em>Value Pricing Model<\/em> ( &#8220;VPM&#8221;): Les tarifes de AGG s&#8217;ajusten al valor aportat, gr\u00e0cies, entre altres coses, a l&#8217;innovador VPM que aplica en alguns expedients.<\/strong><\/p>\n<p><strong>VPM \u00e9s un sistema per a la fixaci\u00f3 dels honoraris, que t\u00e9 en compte el valor afegit que els serveis aporten al client. S&#8217;oposa als sistemes tradicionals de facturaci\u00f3 en base a les hores (<em>billable hours<\/em>) o costos incorreguts per l&#8217;empresa que presta el servei.<\/strong><\/p>\n<p><strong>En cas de serveis recurrents i amb volum, l&#8217;ajust entre valor i honoraris tamb\u00e9 es produeix pactant, AGG i client (especialment empreses), una quota plana, o iguala. Aquest sistema evita a l&#8217;empresa c\u00e0rrecs extraordinaris i imprevistos en mesos de punta d&#8217;activitat.<\/strong><\/p>\n\n                    \n    <\/div>     \n    [vc_column_text]El sistema funciona de la seg\u00fcent manera:<\/p>\n<ol>\n<li>En una primera reuni\u00f3, el client facilita AGG a informaci\u00f3 b\u00e0sica sobre la seva situaci\u00f3, antecedents, expectatives i objectius.<\/li>\n<li>Despr\u00e9s d&#8217;estudiar la situaci\u00f3, AGG proposa al client un pla de treball personalitzat i detallat, amb fites i objectius a cobrir. Els honoraris es vinculen a l&#8217;abast de les fites i objectius, podent, en ocasions, estar condicionats a aquest compliment.<\/li>\n<li>Despr\u00e9s de l&#8217;acceptaci\u00f3 del client, s&#8217;inicien els treballs i, a mesura que s&#8217;incorpora el valor al client, AGG factura els honoraris pactats. El reporting peri\u00f2dic al client \u00e9s clau en aquesta fase.<\/li>\n<\/ol>\n<p>El model permet al client: (i) prendre una decisi\u00f3 informada, tenint en compte els beneficis i costos dels serveis; (Ii) controlar els costos, de manera que els beneficis obtinguts siguin sempre superiors.<\/p>\n<p>A m\u00e9s, el VPM fomenta la comunicaci\u00f3 oberta entre l&#8217;advocat \/ professional i el client. La comunicaci\u00f3 \u00e9s part essencial del servei, i, per tant, les reunions, trucades telef\u00f2niques, correus electr\u00f2nics i consultes NO modifiquen el preu dels serveis.[\/vc_column_text][\/vc_column][vc_column width=&#8221;1\/12&#8243; offset=&#8221;vc_col-lg-2 vc_col-md-1&#8243;][\/vc_column][\/vc_row]<\/p>\n<\/div>","protected":false},"excerpt":{"rendered":"<p>[vc_row][vc_column width=&#8221;1\/12&#8243; offset=&#8221;vc_col-lg-2 vc_col-md-1&#8243;][\/vc_column][vc_column offset=&#8221;vc_col-lg-8 vc_col-md-10&#8243;][vc_column_text]El sistema funciona de la seg\u00fcent manera: En una primera reuni\u00f3, el client facilita AGG<\/p>\n","protected":false},"author":4,"featured_media":0,"parent":0,"menu_order":25,"comment_status":"closed","ping_status":"closed","template":"","meta":{"footnotes":""},"class_list":["post-277","page","type-page","status-publish","hentry"],"yoast_head":"<!-- This site is optimized with the Yoast SEO plugin v22.7 - https:\/\/yoast.com\/wordpress\/plugins\/seo\/ -->\n<title>Pol\u00edtica d&#039;honoraris - AGG Lawyers &amp; Advisors<\/title>\n<meta name=\"robots\" content=\"index, follow, max-snippet:-1, max-image-preview:large, max-video-preview:-1\" \/>\n<link rel=\"canonical\" href=\"https:\/\/agg.cat\/ca\/politica-dhonoraris\/\" \/>\n<meta property=\"og:locale\" content=\"ca_ES\" \/>\n<meta property=\"og:type\" content=\"article\" \/>\n<meta property=\"og:title\" content=\"Pol\u00edtica d&#039;honoraris - AGG Lawyers &amp; Advisors\" \/>\n<meta property=\"og:description\" content=\"[vc_row][vc_column width=&#8221;1\/12&#8243; offset=&#8221;vc_col-lg-2 vc_col-md-1&#8243;][\/vc_column][vc_column offset=&#8221;vc_col-lg-8 vc_col-md-10&#8243;][vc_column_text]El sistema funciona de la seg\u00fcent manera: En una primera reuni\u00f3, el client facilita AGG\" \/>\n<meta property=\"og:url\" content=\"https:\/\/agg.cat\/ca\/politica-dhonoraris\/\" \/>\n<meta property=\"og:site_name\" content=\"AGG Lawyers &amp; Advisors\" \/>\n<meta property=\"article:modified_time\" content=\"2021-06-21T15:23:59+00:00\" \/>\n<meta name=\"twitter:card\" content=\"summary_large_image\" \/>\n<meta name=\"twitter:label1\" content=\"Temps estimat de lectura\" \/>\n\t<meta name=\"twitter:data1\" content=\"2 minuts\" \/>\n<script type=\"application\/ld+json\" class=\"yoast-schema-graph\">{\"@context\":\"https:\/\/schema.org\",\"@graph\":[{\"@type\":\"WebPage\",\"@id\":\"https:\/\/agg.cat\/ca\/politica-dhonoraris\/\",\"url\":\"https:\/\/agg.cat\/ca\/politica-dhonoraris\/\",\"name\":\"Pol\u00edtica d'honoraris - AGG Lawyers &amp; Advisors\",\"isPartOf\":{\"@id\":\"https:\/\/agg.cat\/#website\"},\"datePublished\":\"2017-05-15T14:44:46+00:00\",\"dateModified\":\"2021-06-21T15:23:59+00:00\",\"breadcrumb\":{\"@id\":\"https:\/\/agg.cat\/ca\/politica-dhonoraris\/#breadcrumb\"},\"inLanguage\":\"ca\",\"potentialAction\":[{\"@type\":\"ReadAction\",\"target\":[\"https:\/\/agg.cat\/ca\/politica-dhonoraris\/\"]}]},{\"@type\":\"BreadcrumbList\",\"@id\":\"https:\/\/agg.cat\/ca\/politica-dhonoraris\/#breadcrumb\",\"itemListElement\":[{\"@type\":\"ListItem\",\"position\":1,\"name\":\"Portada\",\"item\":\"https:\/\/agg.cat\/ca\/\"},{\"@type\":\"ListItem\",\"position\":2,\"name\":\"Pol\u00edtica d&#8217;honoraris\"}]},{\"@type\":\"WebSite\",\"@id\":\"https:\/\/agg.cat\/#website\",\"url\":\"https:\/\/agg.cat\/\",\"name\":\"AGG Lawyers &amp; Advisors\",\"description\":\"AGG es una firma de abogados y asesores especializada en el a\u0301mbito de los negocios y la empresa\",\"potentialAction\":[{\"@type\":\"SearchAction\",\"target\":{\"@type\":\"EntryPoint\",\"urlTemplate\":\"https:\/\/agg.cat\/?s={search_term_string}\"},\"query-input\":\"required name=search_term_string\"}],\"inLanguage\":\"ca\"}]}<\/script>\n<!-- \/ Yoast SEO plugin. -->","yoast_head_json":{"title":"Pol\u00edtica d'honoraris - AGG Lawyers &amp; Advisors","robots":{"index":"index","follow":"follow","max-snippet":"max-snippet:-1","max-image-preview":"max-image-preview:large","max-video-preview":"max-video-preview:-1"},"canonical":"https:\/\/agg.cat\/ca\/politica-dhonoraris\/","og_locale":"ca_ES","og_type":"article","og_title":"Pol\u00edtica d'honoraris - AGG Lawyers &amp; Advisors","og_description":"[vc_row][vc_column width=&#8221;1\/12&#8243; offset=&#8221;vc_col-lg-2 vc_col-md-1&#8243;][\/vc_column][vc_column offset=&#8221;vc_col-lg-8 vc_col-md-10&#8243;][vc_column_text]El sistema funciona de la seg\u00fcent manera: En una primera reuni\u00f3, el client facilita AGG","og_url":"https:\/\/agg.cat\/ca\/politica-dhonoraris\/","og_site_name":"AGG Lawyers &amp; Advisors","article_modified_time":"2021-06-21T15:23:59+00:00","twitter_card":"summary_large_image","twitter_misc":{"Temps estimat de lectura":"2 minuts"},"schema":{"@context":"https:\/\/schema.org","@graph":[{"@type":"WebPage","@id":"https:\/\/agg.cat\/ca\/politica-dhonoraris\/","url":"https:\/\/agg.cat\/ca\/politica-dhonoraris\/","name":"Pol\u00edtica d'honoraris - AGG Lawyers &amp; Advisors","isPartOf":{"@id":"https:\/\/agg.cat\/#website"},"datePublished":"2017-05-15T14:44:46+00:00","dateModified":"2021-06-21T15:23:59+00:00","breadcrumb":{"@id":"https:\/\/agg.cat\/ca\/politica-dhonoraris\/#breadcrumb"},"inLanguage":"ca","potentialAction":[{"@type":"ReadAction","target":["https:\/\/agg.cat\/ca\/politica-dhonoraris\/"]}]},{"@type":"BreadcrumbList","@id":"https:\/\/agg.cat\/ca\/politica-dhonoraris\/#breadcrumb","itemListElement":[{"@type":"ListItem","position":1,"name":"Portada","item":"https:\/\/agg.cat\/ca\/"},{"@type":"ListItem","position":2,"name":"Pol\u00edtica d&#8217;honoraris"}]},{"@type":"WebSite","@id":"https:\/\/agg.cat\/#website","url":"https:\/\/agg.cat\/","name":"AGG Lawyers &amp; Advisors","description":"AGG es una firma de abogados y asesores especializada en el a\u0301mbito de los negocios y la empresa","potentialAction":[{"@type":"SearchAction","target":{"@type":"EntryPoint","urlTemplate":"https:\/\/agg.cat\/?s={search_term_string}"},"query-input":"required name=search_term_string"}],"inLanguage":"ca"}]}},"_links":{"self":[{"href":"https:\/\/agg.cat\/ca\/wp-json\/wp\/v2\/pages\/277","targetHints":{"allow":["GET"]}}],"collection":[{"href":"https:\/\/agg.cat\/ca\/wp-json\/wp\/v2\/pages"}],"about":[{"href":"https:\/\/agg.cat\/ca\/wp-json\/wp\/v2\/types\/page"}],"author":[{"embeddable":true,"href":"https:\/\/agg.cat\/ca\/wp-json\/wp\/v2\/users\/4"}],"replies":[{"embeddable":true,"href":"https:\/\/agg.cat\/ca\/wp-json\/wp\/v2\/comments?post=277"}],"version-history":[{"count":0,"href":"https:\/\/agg.cat\/ca\/wp-json\/wp\/v2\/pages\/277\/revisions"}],"wp:attachment":[{"href":"https:\/\/agg.cat\/ca\/wp-json\/wp\/v2\/media?parent=277"}],"curies":[{"name":"wp","href":"https:\/\/api.w.org\/{rel}","templated":true}]}}