{"id":283,"date":"2017-05-11T12:59:51","date_gmt":"2017-05-11T12:59:51","guid":{"rendered":"http:\/\/agg.cat\/pro-bono\/"},"modified":"2021-06-21T15:23:58","modified_gmt":"2021-06-21T15:23:58","slug":"pro-bono","status":"publish","type":"page","link":"https:\/\/agg.cat\/ca\/pro-bono\/","title":{"rendered":"Pro Bono"},"content":{"rendered":"<div class=\"wpb-content-wrapper\"><p>[vc_row][vc_column width=&#8221;1\/12&#8243; offset=&#8221;vc_col-lg-2 vc_col-md-1&#8243;][\/vc_column][vc_column offset=&#8221;vc_col-lg-8 vc_col-md-10&#8243;]\n         <h1 class='page-title'>Pro bono<\/h1>\n               \n\n        <div class='text'>\n                \n                <div class='content-text'>\n                    <h4 class='optional featured-title'>\n                        \n                    <\/h4>\n                     <p>AGG fa seu el comprom\u00eds dels seus socis amb la societat i amb els valors de solidaritat i altruisme.<\/p>\n<p>Les empreses de serveis i despatxos d&#8217;advocats tradicionals tenen una taxa de realitzaci\u00f3 (&#8220;<em>realisation rate<\/em>&#8220;) pr\u00f2xima al 80%. Aix\u00f2 implica que no poden facturar ni cobrar el 20% de la seva producci\u00f3. A causa de que AGG es focalitza en la creaci\u00f3 de valor i no en les hores facturables, i gr\u00e0cies tamb\u00e9 a la major efici\u00e8ncia en les operacions, AGG no pateix les minves habituals en el sector. El model de negoci d&#8217;AGG, i la voluntat dels seus socis de comprometre amb la societat, li permet dedicar una mitjana del 15% del seu treball anual a activitats no remunerades.<\/p>\n<p>La pol\u00edtica d&#8217;enc\u00e0rrecs pro bono dep\u00e8n de:<\/p>\n<ol>\n<li>La disponibilitat del professional encarregat de l&#8217;administraci\u00f3 de l&#8217;assumpte.<\/li>\n<li>El tipus d&#8217;assumpte. Especialment, es valoren els casos la resoluci\u00f3 pot tenir un impacte social positiu, \u00e9s a dir, es t\u00e9 en compte no nom\u00e9s la just\u00edcia material del cas particular sin\u00f3 l&#8217;efecte multiplicador o expansiu que l&#8217;eventual soluci\u00f3 d&#8217;AGG pot aconseguir.<\/li>\n<li>La dificultat i car\u00e0cter innovador, per AGG, per\u00f2 tamb\u00e9 per a la societat, de l&#8217;assumpte o problem\u00e0tica<\/li>\n<\/ol>\n<p>Si tens un cas i el vols plantejar, contacta amb nosaltres!<\/p>\n\n                <\/div>\n                    \n            <\/div>\n    [\/vc_column][vc_column width=&#8221;1\/12&#8243; offset=&#8221;vc_col-lg-2 vc_col-md-1&#8243;][\/vc_column][\/vc_row]<\/p>\n<\/div>","protected":false},"excerpt":{"rendered":"<p>[vc_row][vc_column width=&#8221;1\/12&#8243; offset=&#8221;vc_col-lg-2 vc_col-md-1&#8243;][\/vc_column][vc_column offset=&#8221;vc_col-lg-8 vc_col-md-10&#8243;][\/vc_column][vc_column width=&#8221;1\/12&#8243; offset=&#8221;vc_col-lg-2 vc_col-md-1&#8243;][\/vc_column][\/vc_row]<\/p>\n","protected":false},"author":4,"featured_media":0,"parent":0,"menu_order":18,"comment_status":"closed","ping_status":"closed","template":"","meta":{"footnotes":""},"class_list":["post-283","page","type-page","status-publish","hentry"],"yoast_head":"<!-- This site is optimized with the Yoast SEO plugin v22.7 - https:\/\/yoast.com\/wordpress\/plugins\/seo\/ -->\n<title>Pro Bono - AGG Lawyers &amp; Advisors<\/title>\n<meta name=\"robots\" content=\"index, follow, max-snippet:-1, max-image-preview:large, max-video-preview:-1\" \/>\n<link rel=\"canonical\" href=\"https:\/\/agg.cat\/ca\/pro-bono\/\" \/>\n<meta property=\"og:locale\" content=\"ca_ES\" \/>\n<meta property=\"og:type\" content=\"article\" \/>\n<meta property=\"og:title\" content=\"Pro Bono - AGG Lawyers &amp; Advisors\" \/>\n<meta property=\"og:description\" content=\"[vc_row][vc_column width=&#8221;1\/12&#8243; offset=&#8221;vc_col-lg-2 vc_col-md-1&#8243;][\/vc_column][vc_column offset=&#8221;vc_col-lg-8 vc_col-md-10&#8243;][\/vc_column][vc_column width=&#8221;1\/12&#8243; offset=&#8221;vc_col-lg-2 vc_col-md-1&#8243;][\/vc_column][\/vc_row]\" \/>\n<meta property=\"og:url\" content=\"https:\/\/agg.cat\/ca\/pro-bono\/\" \/>\n<meta property=\"og:site_name\" content=\"AGG Lawyers &amp; Advisors\" \/>\n<meta property=\"article:modified_time\" content=\"2021-06-21T15:23:58+00:00\" \/>\n<meta name=\"twitter:card\" content=\"summary_large_image\" \/>\n<meta name=\"twitter:label1\" content=\"Temps estimat de lectura\" \/>\n\t<meta name=\"twitter:data1\" content=\"1 minut\" \/>\n<script type=\"application\/ld+json\" class=\"yoast-schema-graph\">{\"@context\":\"https:\/\/schema.org\",\"@graph\":[{\"@type\":\"WebPage\",\"@id\":\"https:\/\/agg.cat\/ca\/pro-bono\/\",\"url\":\"https:\/\/agg.cat\/ca\/pro-bono\/\",\"name\":\"Pro Bono - AGG Lawyers &amp; Advisors\",\"isPartOf\":{\"@id\":\"https:\/\/agg.cat\/#website\"},\"datePublished\":\"2017-05-11T12:59:51+00:00\",\"dateModified\":\"2021-06-21T15:23:58+00:00\",\"breadcrumb\":{\"@id\":\"https:\/\/agg.cat\/ca\/pro-bono\/#breadcrumb\"},\"inLanguage\":\"ca\",\"potentialAction\":[{\"@type\":\"ReadAction\",\"target\":[\"https:\/\/agg.cat\/ca\/pro-bono\/\"]}]},{\"@type\":\"BreadcrumbList\",\"@id\":\"https:\/\/agg.cat\/ca\/pro-bono\/#breadcrumb\",\"itemListElement\":[{\"@type\":\"ListItem\",\"position\":1,\"name\":\"Portada\",\"item\":\"https:\/\/agg.cat\/ca\/\"},{\"@type\":\"ListItem\",\"position\":2,\"name\":\"Pro Bono\"}]},{\"@type\":\"WebSite\",\"@id\":\"https:\/\/agg.cat\/#website\",\"url\":\"https:\/\/agg.cat\/\",\"name\":\"AGG Lawyers &amp; Advisors\",\"description\":\"AGG es una firma de abogados y asesores especializada en el a\u0301mbito de los negocios y la empresa\",\"potentialAction\":[{\"@type\":\"SearchAction\",\"target\":{\"@type\":\"EntryPoint\",\"urlTemplate\":\"https:\/\/agg.cat\/?s={search_term_string}\"},\"query-input\":\"required name=search_term_string\"}],\"inLanguage\":\"ca\"}]}<\/script>\n<!-- \/ Yoast SEO plugin. -->","yoast_head_json":{"title":"Pro Bono - AGG Lawyers &amp; Advisors","robots":{"index":"index","follow":"follow","max-snippet":"max-snippet:-1","max-image-preview":"max-image-preview:large","max-video-preview":"max-video-preview:-1"},"canonical":"https:\/\/agg.cat\/ca\/pro-bono\/","og_locale":"ca_ES","og_type":"article","og_title":"Pro Bono - AGG Lawyers &amp; Advisors","og_description":"[vc_row][vc_column width=&#8221;1\/12&#8243; offset=&#8221;vc_col-lg-2 vc_col-md-1&#8243;][\/vc_column][vc_column offset=&#8221;vc_col-lg-8 vc_col-md-10&#8243;][\/vc_column][vc_column width=&#8221;1\/12&#8243; offset=&#8221;vc_col-lg-2 vc_col-md-1&#8243;][\/vc_column][\/vc_row]","og_url":"https:\/\/agg.cat\/ca\/pro-bono\/","og_site_name":"AGG Lawyers &amp; Advisors","article_modified_time":"2021-06-21T15:23:58+00:00","twitter_card":"summary_large_image","twitter_misc":{"Temps estimat de lectura":"1 minut"},"schema":{"@context":"https:\/\/schema.org","@graph":[{"@type":"WebPage","@id":"https:\/\/agg.cat\/ca\/pro-bono\/","url":"https:\/\/agg.cat\/ca\/pro-bono\/","name":"Pro Bono - AGG Lawyers &amp; Advisors","isPartOf":{"@id":"https:\/\/agg.cat\/#website"},"datePublished":"2017-05-11T12:59:51+00:00","dateModified":"2021-06-21T15:23:58+00:00","breadcrumb":{"@id":"https:\/\/agg.cat\/ca\/pro-bono\/#breadcrumb"},"inLanguage":"ca","potentialAction":[{"@type":"ReadAction","target":["https:\/\/agg.cat\/ca\/pro-bono\/"]}]},{"@type":"BreadcrumbList","@id":"https:\/\/agg.cat\/ca\/pro-bono\/#breadcrumb","itemListElement":[{"@type":"ListItem","position":1,"name":"Portada","item":"https:\/\/agg.cat\/ca\/"},{"@type":"ListItem","position":2,"name":"Pro Bono"}]},{"@type":"WebSite","@id":"https:\/\/agg.cat\/#website","url":"https:\/\/agg.cat\/","name":"AGG Lawyers &amp; Advisors","description":"AGG es una firma de abogados y asesores especializada en el a\u0301mbito de los negocios y la empresa","potentialAction":[{"@type":"SearchAction","target":{"@type":"EntryPoint","urlTemplate":"https:\/\/agg.cat\/?s={search_term_string}"},"query-input":"required name=search_term_string"}],"inLanguage":"ca"}]}},"_links":{"self":[{"href":"https:\/\/agg.cat\/ca\/wp-json\/wp\/v2\/pages\/283","targetHints":{"allow":["GET"]}}],"collection":[{"href":"https:\/\/agg.cat\/ca\/wp-json\/wp\/v2\/pages"}],"about":[{"href":"https:\/\/agg.cat\/ca\/wp-json\/wp\/v2\/types\/page"}],"author":[{"embeddable":true,"href":"https:\/\/agg.cat\/ca\/wp-json\/wp\/v2\/users\/4"}],"replies":[{"embeddable":true,"href":"https:\/\/agg.cat\/ca\/wp-json\/wp\/v2\/comments?post=283"}],"version-history":[{"count":0,"href":"https:\/\/agg.cat\/ca\/wp-json\/wp\/v2\/pages\/283\/revisions"}],"wp:attachment":[{"href":"https:\/\/agg.cat\/ca\/wp-json\/wp\/v2\/media?parent=283"}],"curies":[{"name":"wp","href":"https:\/\/api.w.org\/{rel}","templated":true}]}}