{"id":300,"date":"2017-05-11T13:02:35","date_gmt":"2017-05-11T13:02:35","guid":{"rendered":"http:\/\/agg.cat\/aviso-legal\/"},"modified":"2021-06-21T15:23:59","modified_gmt":"2021-06-21T15:23:59","slug":"avis-legal","status":"publish","type":"page","link":"https:\/\/agg.cat\/ca\/avis-legal\/","title":{"rendered":"Av\u00eds legal"},"content":{"rendered":"<div class=\"wpb-content-wrapper\"><p>[vc_row][vc_column width=&#8221;1\/12&#8243; offset=&#8221;vc_col-lg-2 vc_col-md-1&#8243;][\/vc_column][vc_column offset=&#8221;vc_col-lg-8 vc_col-md-10&#8243;]\n    <div class='mb-grid'>\n        <h1 class='page-title'>\n            Av\u00eds legal\n        <\/h1>\n        <p class='h2 featured-text '>\n            En compliment amb el deure d'informaci\u00f3 recollit en l'article 10 de la Llei 34\/2002, de 11 de juliol, de Serveis de la Societat de la Informaci\u00f3 i del Comer\u00e7 Electr\u00f2nic, les dades aqu\u00ed consignades corresponen a l'entitat titular del web: www.agg.cat\n        <\/p>\n        \n            <p>AGG ADVOCATS I ECONOMISTES, S.L.P.<br \/>\nRossell\u00f3 224, 3r B<br \/>\n08008 Barcelona (Espa\u00f1a)<br \/>\nCIF: B-63870752<\/p>\n<p>E-mail: <a href=\"mailto:info@agg.cat\">info@agg.cat<\/a><br \/>\nTel. oficina: 93-415.66.48<br \/>\nFax: 93-415.84.73<\/p>\n\n                    \n    <\/div>     \n    [\/vc_column][vc_column width=&#8221;1\/12&#8243; offset=&#8221;vc_col-lg-2 vc_col-md-1&#8243;][\/vc_column][\/vc_row]<\/p>\n<\/div>","protected":false},"excerpt":{"rendered":"<p>[vc_row][vc_column width=&#8221;1\/12&#8243; offset=&#8221;vc_col-lg-2 vc_col-md-1&#8243;][\/vc_column][vc_column offset=&#8221;vc_col-lg-8 vc_col-md-10&#8243;][\/vc_column][vc_column width=&#8221;1\/12&#8243; offset=&#8221;vc_col-lg-2 vc_col-md-1&#8243;][\/vc_column][\/vc_row]<\/p>\n","protected":false},"author":4,"featured_media":0,"parent":0,"menu_order":28,"comment_status":"closed","ping_status":"closed","template":"","meta":{"footnotes":""},"class_list":["post-300","page","type-page","status-publish","hentry"],"yoast_head":"<!-- This site is optimized with the Yoast SEO plugin v22.7 - https:\/\/yoast.com\/wordpress\/plugins\/seo\/ -->\n<title>Av\u00eds legal - AGG Lawyers &amp; Advisors<\/title>\n<meta name=\"robots\" content=\"index, follow, max-snippet:-1, max-image-preview:large, max-video-preview:-1\" \/>\n<link rel=\"canonical\" href=\"https:\/\/agg.cat\/ca\/avis-legal\/\" \/>\n<meta property=\"og:locale\" content=\"ca_ES\" \/>\n<meta property=\"og:type\" content=\"article\" \/>\n<meta property=\"og:title\" content=\"Av\u00eds legal - AGG Lawyers &amp; Advisors\" \/>\n<meta property=\"og:description\" content=\"[vc_row][vc_column width=&#8221;1\/12&#8243; offset=&#8221;vc_col-lg-2 vc_col-md-1&#8243;][\/vc_column][vc_column offset=&#8221;vc_col-lg-8 vc_col-md-10&#8243;][\/vc_column][vc_column width=&#8221;1\/12&#8243; offset=&#8221;vc_col-lg-2 vc_col-md-1&#8243;][\/vc_column][\/vc_row]\" \/>\n<meta property=\"og:url\" content=\"https:\/\/agg.cat\/ca\/avis-legal\/\" \/>\n<meta property=\"og:site_name\" content=\"AGG Lawyers &amp; Advisors\" \/>\n<meta property=\"article:modified_time\" content=\"2021-06-21T15:23:59+00:00\" \/>\n<meta name=\"twitter:card\" content=\"summary_large_image\" \/>\n<meta name=\"twitter:label1\" content=\"Temps estimat de lectura\" \/>\n\t<meta name=\"twitter:data1\" content=\"1 minut\" \/>\n<script type=\"application\/ld+json\" class=\"yoast-schema-graph\">{\"@context\":\"https:\/\/schema.org\",\"@graph\":[{\"@type\":\"WebPage\",\"@id\":\"https:\/\/agg.cat\/ca\/avis-legal\/\",\"url\":\"https:\/\/agg.cat\/ca\/avis-legal\/\",\"name\":\"Av\u00eds legal - AGG Lawyers &amp; Advisors\",\"isPartOf\":{\"@id\":\"https:\/\/agg.cat\/#website\"},\"datePublished\":\"2017-05-11T13:02:35+00:00\",\"dateModified\":\"2021-06-21T15:23:59+00:00\",\"breadcrumb\":{\"@id\":\"https:\/\/agg.cat\/ca\/avis-legal\/#breadcrumb\"},\"inLanguage\":\"ca\",\"potentialAction\":[{\"@type\":\"ReadAction\",\"target\":[\"https:\/\/agg.cat\/ca\/avis-legal\/\"]}]},{\"@type\":\"BreadcrumbList\",\"@id\":\"https:\/\/agg.cat\/ca\/avis-legal\/#breadcrumb\",\"itemListElement\":[{\"@type\":\"ListItem\",\"position\":1,\"name\":\"Portada\",\"item\":\"https:\/\/agg.cat\/ca\/\"},{\"@type\":\"ListItem\",\"position\":2,\"name\":\"Av\u00eds legal\"}]},{\"@type\":\"WebSite\",\"@id\":\"https:\/\/agg.cat\/#website\",\"url\":\"https:\/\/agg.cat\/\",\"name\":\"AGG Lawyers &amp; Advisors\",\"description\":\"AGG es una firma de abogados y asesores especializada en el a\u0301mbito de los negocios y la empresa\",\"potentialAction\":[{\"@type\":\"SearchAction\",\"target\":{\"@type\":\"EntryPoint\",\"urlTemplate\":\"https:\/\/agg.cat\/?s={search_term_string}\"},\"query-input\":\"required name=search_term_string\"}],\"inLanguage\":\"ca\"}]}<\/script>\n<!-- \/ Yoast SEO plugin. -->","yoast_head_json":{"title":"Av\u00eds legal - AGG Lawyers &amp; Advisors","robots":{"index":"index","follow":"follow","max-snippet":"max-snippet:-1","max-image-preview":"max-image-preview:large","max-video-preview":"max-video-preview:-1"},"canonical":"https:\/\/agg.cat\/ca\/avis-legal\/","og_locale":"ca_ES","og_type":"article","og_title":"Av\u00eds legal - AGG Lawyers &amp; Advisors","og_description":"[vc_row][vc_column width=&#8221;1\/12&#8243; offset=&#8221;vc_col-lg-2 vc_col-md-1&#8243;][\/vc_column][vc_column offset=&#8221;vc_col-lg-8 vc_col-md-10&#8243;][\/vc_column][vc_column width=&#8221;1\/12&#8243; offset=&#8221;vc_col-lg-2 vc_col-md-1&#8243;][\/vc_column][\/vc_row]","og_url":"https:\/\/agg.cat\/ca\/avis-legal\/","og_site_name":"AGG Lawyers &amp; Advisors","article_modified_time":"2021-06-21T15:23:59+00:00","twitter_card":"summary_large_image","twitter_misc":{"Temps estimat de lectura":"1 minut"},"schema":{"@context":"https:\/\/schema.org","@graph":[{"@type":"WebPage","@id":"https:\/\/agg.cat\/ca\/avis-legal\/","url":"https:\/\/agg.cat\/ca\/avis-legal\/","name":"Av\u00eds legal - AGG Lawyers &amp; Advisors","isPartOf":{"@id":"https:\/\/agg.cat\/#website"},"datePublished":"2017-05-11T13:02:35+00:00","dateModified":"2021-06-21T15:23:59+00:00","breadcrumb":{"@id":"https:\/\/agg.cat\/ca\/avis-legal\/#breadcrumb"},"inLanguage":"ca","potentialAction":[{"@type":"ReadAction","target":["https:\/\/agg.cat\/ca\/avis-legal\/"]}]},{"@type":"BreadcrumbList","@id":"https:\/\/agg.cat\/ca\/avis-legal\/#breadcrumb","itemListElement":[{"@type":"ListItem","position":1,"name":"Portada","item":"https:\/\/agg.cat\/ca\/"},{"@type":"ListItem","position":2,"name":"Av\u00eds legal"}]},{"@type":"WebSite","@id":"https:\/\/agg.cat\/#website","url":"https:\/\/agg.cat\/","name":"AGG Lawyers &amp; Advisors","description":"AGG es una firma de abogados y asesores especializada en el a\u0301mbito de los negocios y la empresa","potentialAction":[{"@type":"SearchAction","target":{"@type":"EntryPoint","urlTemplate":"https:\/\/agg.cat\/?s={search_term_string}"},"query-input":"required name=search_term_string"}],"inLanguage":"ca"}]}},"_links":{"self":[{"href":"https:\/\/agg.cat\/ca\/wp-json\/wp\/v2\/pages\/300","targetHints":{"allow":["GET"]}}],"collection":[{"href":"https:\/\/agg.cat\/ca\/wp-json\/wp\/v2\/pages"}],"about":[{"href":"https:\/\/agg.cat\/ca\/wp-json\/wp\/v2\/types\/page"}],"author":[{"embeddable":true,"href":"https:\/\/agg.cat\/ca\/wp-json\/wp\/v2\/users\/4"}],"replies":[{"embeddable":true,"href":"https:\/\/agg.cat\/ca\/wp-json\/wp\/v2\/comments?post=300"}],"version-history":[{"count":0,"href":"https:\/\/agg.cat\/ca\/wp-json\/wp\/v2\/pages\/300\/revisions"}],"wp:attachment":[{"href":"https:\/\/agg.cat\/ca\/wp-json\/wp\/v2\/media?parent=300"}],"curies":[{"name":"wp","href":"https:\/\/api.w.org\/{rel}","templated":true}]}}