{"id":301,"date":"2017-05-11T13:03:04","date_gmt":"2017-05-11T13:03:04","guid":{"rendered":"http:\/\/agg.cat\/politica-de-cookies\/"},"modified":"2021-06-21T15:23:59","modified_gmt":"2021-06-21T15:23:59","slug":"politica-de-cookies","status":"publish","type":"page","link":"https:\/\/agg.cat\/ca\/politica-de-cookies\/","title":{"rendered":"Pol\u00edtica de cookies"},"content":{"rendered":"<div class=\"wpb-content-wrapper\"><p>[vc_section full_width=&#8221;stretch_row&#8221;][vc_row][vc_column width=&#8221;1\/12&#8243; offset=&#8221;vc_col-lg-2 vc_col-md-1&#8243;][\/vc_column][vc_column offset=&#8221;vc_col-lg-8 vc_col-md-10&#8243;]\n    <div class='mb-grid'>\n        <h1 class='page-title'>\n            Pol\u00edtica de Cookies\n        <\/h1>\n        <p class='h2 featured-text '>\n            En compliment del que estableix l\u2019article 22.2 de la Llei de serveis de la societat de la informaci\u00f3 i de comer\u00e7 electr\u00f2nic (Llei 34\/2002, d\u201911 de juliol), aquest lloc web divulga la seva pol\u00edtica de recollida i manipulaci\u00f3 de cookies d\u2019aquest apartat.\n        <\/p>\n        \n            <h2>Qu\u00e8 s\u00f3n les cookies?<\/h2>\n<p>Una cookie \u00e9s un fitxer que es descarrega a l\u2019ordinador d\u2019un usuari quan accedeix a determinades p\u00e0gines web. Les cookies permeten, per exemple, que un lloc web emmagatzemi i recuperi informaci\u00f3 sobre els h\u00e0bits de navegaci\u00f3 d\u2019un usuari o del seu ordinador i, en funci\u00f3 de la informaci\u00f3 continguda i de la forma en qu\u00e8 s\u2019utilitzi l\u2019ordinador, poden ser s\u2019utilitza per recon\u00e8ixer l\u2019usuari.<\/p>\n<h2>Quins tipus de cookies utilitza aquest lloc web?<\/h2>\n<p>Aquest lloc web utilitza els seg\u00fcents tipus de cookies:<\/p>\n<p><strong>Cookies d\u2019an\u00e0lisi:<\/strong> aquestes cookies, ja siguin processades per nosaltres mateixos o per tercers, quantifiquen el nombre d\u2019usuaris i permeten mesurar i analitzar estad\u00edsticament la manera com els usuaris fan \u00fas dels nostres serveis. Per a aix\u00f2, analitzem la seva navegaci\u00f3 pel nostre lloc web per millorar la nostra oferta de productes i serveis.<\/p>\n<p><strong>Cookies t\u00e8cniques:<\/strong> aquestes cookies permeten a l\u2019usuari navegar per la zona restringida i utilitzar les seves diferents funcions, com ara la compra d\u2019un article.<\/p>\n<p><strong>Cookies de personalitzaci\u00f3:<\/strong> permeten a l\u2019usuari accedir a un servei amb certes caracter\u00edstiques generals predefinides segons determinats criteris al terminal de l\u2019usuari, per exemple, l\u2019idioma o el tipus de navegador utilitzat per accedir al servei.<\/p>\n<p><strong>Cookies publicit\u00e0ries:<\/strong> aquestes cookies, ja siguin processades per nosaltres mateixos o per tercers, permeten la gesti\u00f3 m\u00e9s efica\u00e7 dels espais publicitaris del lloc web, ajustant el contingut publicitari al servei sol\u00b7licitat o a l\u2019\u00fas espec\u00edfic que faci l\u2019usuari del nostre lloc web. Amb aquesta finalitat, podem analitzar els h\u00e0bits de navegaci\u00f3 de l\u2019usuari a Internet i mostrar publicitat relacionada amb el seu perfil de navegaci\u00f3.<\/p>\n<p><strong>Cookies de publicitat comportamental:<\/strong> aquestes cookies permeten la gesti\u00f3 m\u00e9s efica\u00e7 dels espais publicitaris que l\u2019editor ha incl\u00f2s en un lloc web, aplicaci\u00f3 o plataforma que presta el servei sol\u00b7licitat. Aquestes cookies emmagatzemen informaci\u00f3 sobre el comportament dels usuaris, obtinguda mitjan\u00e7ant l\u2019observaci\u00f3 cont\u00ednua dels seus h\u00e0bits de navegaci\u00f3, i permeten desenvolupar un perfil d\u2019usuari espec\u00edfic i mostrar publicitat relacionada.<\/p>\n<h2>Desactivaci\u00f3 de cookies<\/h2>\n<p>Podeu <strong>permetre, bloquejar o eliminar les cookies<\/strong> instal\u00b7lades al vostre sistema mitjan\u00e7ant la gesti\u00f3 de la configuraci\u00f3 del navegador instal\u00b7lat al vostre ordinador.<\/p>\n<p>La majoria dels navegadors web ofereixen la possibilitat de permetre, bloquejar o eliminar les cookies instal\u00b7lades al vostre sistema.<\/p>\n<p>Els seg\u00fcents enlla\u00e7os donen acc\u00e9s a la configuraci\u00f3 dels navegadors m\u00e9s habituals; permeten acceptar, activar o desactivar les cookies:<\/p>\n<ul>\n<li><a href=\"https:\/\/support.google.com\/chrome\/answer\/95647?hl=es#_blank\">Gestioneu la configuraci\u00f3 de cookies a Google Chrome<\/a><\/li>\n<li><a href=\"http:\/\/windows.microsoft.com\/es-es\/windows7\/how-to-manage-cookies-in-internet-explorer-9#_blank\">Gestioneu la configuraci\u00f3 de cookies a Microsoft Internet Explorer<\/a><\/li>\n<li><a href=\"https:\/\/support.mozilla.org\/es\/kb\/habilitar-y-deshabilitar-cookies-sitios-web-rastrear-preferencias?redirectlocale=es&amp;redirectslug=habilitar-y-deshabilitar-cookies-que-los-sitios-we#_blank\">Gestioneu la configuraci\u00f3 de cookies a Mozilla Firefox<\/a><\/li>\n<li><a href=\"https:\/\/support.apple.com\/es-es\/HT201265#_blank\">Gestioneu la configuraci\u00f3 de cookies a Safari (Apple)<\/a><\/li>\n<\/ul>\n<h2>Cookies de tercers<\/h2>\n<p>Aquest lloc web utilitza serveis de tercers per recopilar informaci\u00f3 amb finalitats estad\u00edstiques i informaci\u00f3 d\u2019\u00fas del lloc web.<\/p>\n<p>En concret, fem servir els serveis de Google Adsense i Google Analytics per a les nostres estad\u00edstiques i publicitat. Algunes cookies s\u00f3n essencials per al funcionament del lloc web, per exemple, el motor de cerca que s\u2019inclou al lloc web.<\/p>\n<p>El nostre lloc inclou altres funcions subministrades per tercers. Podeu compartir f\u00e0cilment el contingut a les xarxes socials com Facebook, Twitter o Google+ mitjan\u00e7ant els botons que hem proporcionat a aquest efecte.<\/p>\n<h2>Advertiment sobre l&#8217;eliminaci\u00f3 de cookies<\/h2>\n<p>Podeu eliminar i bloquejar totes les cookies d\u2019aquest lloc web, per\u00f2 una part del lloc no funcionar\u00e0 o es pot veure afectada la qualitat del lloc web.<\/p>\n<p>Si teniu cap pregunta sobre la nostra pol\u00edtica de cookies, podeu contactar amb aquest lloc web mitjan\u00e7ant les nostres opcions de contacte.<\/p>\n\n                    \n    <\/div>     \n    [\/vc_column][vc_column width=&#8221;1\/12&#8243; offset=&#8221;vc_col-lg-2 vc_col-md-1&#8243;][\/vc_column][\/vc_row][\/vc_section][vc_section full_width=&#8221;stretch_row_content&#8221;][vc_row][vc_column]\n            \n            <div class='space'><\/div>\n              \n            [\/vc_column][\/vc_row][\/vc_section]<\/p>\n<\/div>","protected":false},"excerpt":{"rendered":"<p>[vc_section full_width=&#8221;stretch_row&#8221;][vc_row][vc_column width=&#8221;1\/12&#8243; offset=&#8221;vc_col-lg-2 vc_col-md-1&#8243;][\/vc_column][vc_column offset=&#8221;vc_col-lg-8 vc_col-md-10&#8243;][\/vc_column][vc_column width=&#8221;1\/12&#8243; offset=&#8221;vc_col-lg-2 vc_col-md-1&#8243;][\/vc_column][\/vc_row][\/vc_section][vc_section full_width=&#8221;stretch_row_content&#8221;][vc_row][vc_column][\/vc_column][\/vc_row][\/vc_section]<\/p>\n","protected":false},"author":4,"featured_media":0,"parent":0,"menu_order":31,"comment_status":"closed","ping_status":"closed","template":"","meta":{"footnotes":""},"class_list":["post-301","page","type-page","status-publish","hentry"],"yoast_head":"<!-- This site is optimized with the Yoast SEO plugin v22.7 - https:\/\/yoast.com\/wordpress\/plugins\/seo\/ -->\n<title>Pol\u00edtica de cookies - AGG Lawyers &amp; Advisors<\/title>\n<meta name=\"robots\" content=\"index, follow, max-snippet:-1, max-image-preview:large, max-video-preview:-1\" \/>\n<link rel=\"canonical\" href=\"https:\/\/agg.cat\/ca\/politica-de-cookies\/\" \/>\n<meta property=\"og:locale\" content=\"ca_ES\" \/>\n<meta property=\"og:type\" content=\"article\" \/>\n<meta property=\"og:title\" content=\"Pol\u00edtica de cookies - AGG Lawyers &amp; Advisors\" \/>\n<meta property=\"og:description\" content=\"[vc_section full_width=&#8221;stretch_row&#8221;][vc_row][vc_column width=&#8221;1\/12&#8243; offset=&#8221;vc_col-lg-2 vc_col-md-1&#8243;][\/vc_column][vc_column offset=&#8221;vc_col-lg-8 vc_col-md-10&#8243;][\/vc_column][vc_column width=&#8221;1\/12&#8243; offset=&#8221;vc_col-lg-2 vc_col-md-1&#8243;][\/vc_column][\/vc_row][\/vc_section][vc_section full_width=&#8221;stretch_row_content&#8221;][vc_row][vc_column][\/vc_column][\/vc_row][\/vc_section]\" \/>\n<meta property=\"og:url\" content=\"https:\/\/agg.cat\/ca\/politica-de-cookies\/\" \/>\n<meta property=\"og:site_name\" content=\"AGG Lawyers &amp; Advisors\" \/>\n<meta property=\"article:modified_time\" content=\"2021-06-21T15:23:59+00:00\" \/>\n<meta name=\"twitter:card\" content=\"summary_large_image\" \/>\n<meta name=\"twitter:label1\" content=\"Temps estimat de lectura\" \/>\n\t<meta name=\"twitter:data1\" content=\"4 minuts\" \/>\n<script type=\"application\/ld+json\" class=\"yoast-schema-graph\">{\"@context\":\"https:\/\/schema.org\",\"@graph\":[{\"@type\":\"WebPage\",\"@id\":\"https:\/\/agg.cat\/ca\/politica-de-cookies\/\",\"url\":\"https:\/\/agg.cat\/ca\/politica-de-cookies\/\",\"name\":\"Pol\u00edtica de cookies - AGG Lawyers &amp; Advisors\",\"isPartOf\":{\"@id\":\"https:\/\/agg.cat\/#website\"},\"datePublished\":\"2017-05-11T13:03:04+00:00\",\"dateModified\":\"2021-06-21T15:23:59+00:00\",\"breadcrumb\":{\"@id\":\"https:\/\/agg.cat\/ca\/politica-de-cookies\/#breadcrumb\"},\"inLanguage\":\"ca\",\"potentialAction\":[{\"@type\":\"ReadAction\",\"target\":[\"https:\/\/agg.cat\/ca\/politica-de-cookies\/\"]}]},{\"@type\":\"BreadcrumbList\",\"@id\":\"https:\/\/agg.cat\/ca\/politica-de-cookies\/#breadcrumb\",\"itemListElement\":[{\"@type\":\"ListItem\",\"position\":1,\"name\":\"Portada\",\"item\":\"https:\/\/agg.cat\/ca\/\"},{\"@type\":\"ListItem\",\"position\":2,\"name\":\"Pol\u00edtica de cookies\"}]},{\"@type\":\"WebSite\",\"@id\":\"https:\/\/agg.cat\/#website\",\"url\":\"https:\/\/agg.cat\/\",\"name\":\"AGG Lawyers &amp; Advisors\",\"description\":\"AGG es una firma de abogados y asesores especializada en el a\u0301mbito de los negocios y la empresa\",\"potentialAction\":[{\"@type\":\"SearchAction\",\"target\":{\"@type\":\"EntryPoint\",\"urlTemplate\":\"https:\/\/agg.cat\/?s={search_term_string}\"},\"query-input\":\"required name=search_term_string\"}],\"inLanguage\":\"ca\"}]}<\/script>\n<!-- \/ Yoast SEO plugin. -->","yoast_head_json":{"title":"Pol\u00edtica de cookies - AGG Lawyers &amp; Advisors","robots":{"index":"index","follow":"follow","max-snippet":"max-snippet:-1","max-image-preview":"max-image-preview:large","max-video-preview":"max-video-preview:-1"},"canonical":"https:\/\/agg.cat\/ca\/politica-de-cookies\/","og_locale":"ca_ES","og_type":"article","og_title":"Pol\u00edtica de cookies - AGG Lawyers &amp; Advisors","og_description":"[vc_section full_width=&#8221;stretch_row&#8221;][vc_row][vc_column width=&#8221;1\/12&#8243; offset=&#8221;vc_col-lg-2 vc_col-md-1&#8243;][\/vc_column][vc_column offset=&#8221;vc_col-lg-8 vc_col-md-10&#8243;][\/vc_column][vc_column width=&#8221;1\/12&#8243; offset=&#8221;vc_col-lg-2 vc_col-md-1&#8243;][\/vc_column][\/vc_row][\/vc_section][vc_section full_width=&#8221;stretch_row_content&#8221;][vc_row][vc_column][\/vc_column][\/vc_row][\/vc_section]","og_url":"https:\/\/agg.cat\/ca\/politica-de-cookies\/","og_site_name":"AGG Lawyers &amp; Advisors","article_modified_time":"2021-06-21T15:23:59+00:00","twitter_card":"summary_large_image","twitter_misc":{"Temps estimat de lectura":"4 minuts"},"schema":{"@context":"https:\/\/schema.org","@graph":[{"@type":"WebPage","@id":"https:\/\/agg.cat\/ca\/politica-de-cookies\/","url":"https:\/\/agg.cat\/ca\/politica-de-cookies\/","name":"Pol\u00edtica de cookies - AGG Lawyers &amp; Advisors","isPartOf":{"@id":"https:\/\/agg.cat\/#website"},"datePublished":"2017-05-11T13:03:04+00:00","dateModified":"2021-06-21T15:23:59+00:00","breadcrumb":{"@id":"https:\/\/agg.cat\/ca\/politica-de-cookies\/#breadcrumb"},"inLanguage":"ca","potentialAction":[{"@type":"ReadAction","target":["https:\/\/agg.cat\/ca\/politica-de-cookies\/"]}]},{"@type":"BreadcrumbList","@id":"https:\/\/agg.cat\/ca\/politica-de-cookies\/#breadcrumb","itemListElement":[{"@type":"ListItem","position":1,"name":"Portada","item":"https:\/\/agg.cat\/ca\/"},{"@type":"ListItem","position":2,"name":"Pol\u00edtica de cookies"}]},{"@type":"WebSite","@id":"https:\/\/agg.cat\/#website","url":"https:\/\/agg.cat\/","name":"AGG Lawyers &amp; Advisors","description":"AGG es una firma de abogados y asesores especializada en el a\u0301mbito de los negocios y la empresa","potentialAction":[{"@type":"SearchAction","target":{"@type":"EntryPoint","urlTemplate":"https:\/\/agg.cat\/?s={search_term_string}"},"query-input":"required name=search_term_string"}],"inLanguage":"ca"}]}},"_links":{"self":[{"href":"https:\/\/agg.cat\/ca\/wp-json\/wp\/v2\/pages\/301","targetHints":{"allow":["GET"]}}],"collection":[{"href":"https:\/\/agg.cat\/ca\/wp-json\/wp\/v2\/pages"}],"about":[{"href":"https:\/\/agg.cat\/ca\/wp-json\/wp\/v2\/types\/page"}],"author":[{"embeddable":true,"href":"https:\/\/agg.cat\/ca\/wp-json\/wp\/v2\/users\/4"}],"replies":[{"embeddable":true,"href":"https:\/\/agg.cat\/ca\/wp-json\/wp\/v2\/comments?post=301"}],"version-history":[{"count":0,"href":"https:\/\/agg.cat\/ca\/wp-json\/wp\/v2\/pages\/301\/revisions"}],"wp:attachment":[{"href":"https:\/\/agg.cat\/ca\/wp-json\/wp\/v2\/media?parent=301"}],"curies":[{"name":"wp","href":"https:\/\/api.w.org\/{rel}","templated":true}]}}