{"id":302,"date":"2017-05-11T13:02:49","date_gmt":"2017-05-11T13:02:49","guid":{"rendered":"http:\/\/agg.cat\/politica-de-privacidad\/"},"modified":"2021-06-21T15:23:59","modified_gmt":"2021-06-21T15:23:59","slug":"politica-de-privacitat","status":"publish","type":"page","link":"https:\/\/agg.cat\/ca\/politica-de-privacitat\/","title":{"rendered":"Pol\u00edtica de privacitat"},"content":{"rendered":"<div class=\"wpb-content-wrapper\"><p>[vc_row][vc_column width=&#8221;1\/12&#8243; offset=&#8221;vc_col-lg-2 vc_col-md-1&#8243;][\/vc_column][vc_column offset=&#8221;vc_col-lg-8 vc_col-md-10&#8243;]\n    <div class='mb-grid'>\n        <h1 class='page-title'>\n            Pol\u00edtica de privacitat\n        <\/h1>\n        <p class='h2 featured-text '>\n            En relaci\u00f3 al compliment de la normativa legal vigent en mat\u00e8ria de Protecci\u00f3 de Dades\n        <\/p>\n        \n            <h2>1. PROTECCI\u00d3 DE DADES<\/h2>\n<p>AGG compleix les directrius de la Llei de protecci\u00f3 de dades personals (Llei org\u00e0nica 15\/1999, de 13 de desembre) i del Reial decret 1720\/2007, de 21 de desembre, pel qual s\u2019aprova la normativa d\u2019aplicaci\u00f3 de la llei org\u00e0nica; i qualsevol altra disposici\u00f3 que estigui en vigor i pretengui garantir un \u00fas i un tractament adequats de les dades personals de l\u2019usuari. Amb aquesta finalitat, juntament amb cada formulari que recopila dades personals, en els serveis que l\u2019usuari pot sol\u00b7licitar a <a href=\"mailto:info@agg.cat\">info@agg.cat<\/a>, s\u2019informar\u00e0 a l\u2019usuari de l\u2019exist\u00e8ncia i acceptaci\u00f3 de les condicions particulars en qu\u00e8 es tracten les seves dades. En tot cas, revelar qui \u00e9s el responsable del registre creat, l&#8217;adre\u00e7a del responsable, l&#8217;opci\u00f3 d&#8217;exercir els drets d&#8217;acc\u00e9s, rectificaci\u00f3, cancel\u00b7laci\u00f3 o oposici\u00f3, la finalitat del tractament de les seves dades i qualsevol comunicaci\u00f3 de dades a tercers.<\/p>\n<p>Aix\u00ed mateix, AGG informa l\u2019usuari del seu compliment de la Llei de serveis de la societat de la informaci\u00f3 i de comer\u00e7 electr\u00f2nic (Llei 34\/2002, d\u201911 de juliol) i sol\u00b7licitar\u00e0 el consentiment de l\u2019usuari sempre que el seu correu electr\u00f2nic s\u2019utilitzi amb finalitats comercials.<\/p>\n<h2>2. PROPIETAT INTEL\u00b7LECTUAL I INDUSTRIAL<\/h2>\n<p>AGG \u00e9s propietari o titular delegat de tots els drets de propietat intel\u00b7lectual i industrial del seu lloc web, aix\u00ed com de tots els elements que cont\u00e9 (inclosos, entre d&#8217;altres, imatges, so, \u00e0udio, v\u00eddeo, programari i text; noms de marca i logotips, combinacions de colors) , estructura i disseny, selecci\u00f3 de materials utilitzats, programes inform\u00e0tics necessaris per al seu funcionament, acc\u00e9s i \u00fas), propietat d\u2019AGG o dels seus llicenciants.<\/p>\n<p>Tots els drets estan reservats. En virtut del que disposen els articles 8 i 32.1, segon par\u00e0graf, de la Llei de propietat intel\u00b7lectual, la reproducci\u00f3, distribuci\u00f3 o comunicaci\u00f3 p\u00fablica, inclosa la posada a disposici\u00f3, la totalitat o qualsevol part d\u2019aquest contingut del lloc web, amb finalitats comercials, en qualsevol format o a trav\u00e9s de qualsevol mitj\u00e0 t\u00e8cnic, sense l&#8217;autoritzaci\u00f3 d&#8217;AGG, est\u00e0 prohibit. L\u2019usuari es compromet a respectar els drets de propietat intel\u00b7lectual i industrial corresponents a AGG. Els elements del lloc web es poden visualitzar, imprimir, copiar o emmagatzemar al disc dur de l\u2019ordinador de l\u2019usuari o en qualsevol altre format f\u00edsic sempre que sigui per al seu \u00fas personal i privat. L\u2019USUARI s\u2019ha d\u2019abstenir de cancel\u00b7lar, alterar, eludir o manipular qualsevol dispositiu de protecci\u00f3 o sistema de seguretat on s\u2019emmagatzemin les p\u00e0gines web d\u2019AGG.<\/p>\n<h2>3. GARANTIA I EXENCI\u00d3 DE RESPONSABILITAT<\/h2>\n<p>AGG no ser\u00e0 responsable, en cap cas, dels danys i perjudicis de qualsevol tipus que es poguessin causar en casos com, entre d&#8217;altres, errors i omissions en el contingut, manca de disponibilitat del lloc web, transmissi\u00f3 de virus o malware al contingut, tot i havent pres totes les mesures t\u00e8cniques necess\u00e0ries per evitar-ho.<\/p>\n<h2>4. MODIFICACIONS<\/h2>\n<p>AGG es reserva el dret d\u2019efectuar, sense previ av\u00eds, les modificacions que consideri oportunes al seu lloc web i puguin canviar, eliminar o afegir tant el contingut com els serveis que es lliurin a trav\u00e9s del lloc web, aix\u00ed com la forma en qu\u00e8 es presentin o es localitzin. dins del seu lloc web.<\/p>\n<h2>5. HIPERENLLA\u00c7OS<\/h2>\n<p>En el cas que www.agg.cat proporcioni hipervincles a altres llocs d\u2019Internet, AGG no exercir\u00e0 cap tipus de control sobre aquests llocs i el seu contingut. En cap cas, AGG assumir\u00e0 cap responsabilitat pel contingut de cap hiperenlla\u00e7 pertanyent a un lloc web diferent, ni garanteix la disponibilitat t\u00e8cnica, qualitat, fiabilitat, exactitud, abast, veracitat, validesa o constitucionalitat de qualsevol material o informaci\u00f3 continguda en aquest hiperenlla\u00e7. o altres llocs d&#8217;Internet.<\/p>\n<p>Aix\u00ed mateix, la inclusi\u00f3 d\u2019aquestes connexions externes no suposar\u00e0 en cap cas cap tipus d\u2019associaci\u00f3, fusi\u00f3 o participaci\u00f3 en les entitats vinculades.<\/p>\n<h2>6. DRET D&#8217;EXCLUSI\u00d3<\/h2>\n<p>AGG es reserva el dret de denegar o retirar l\u2019acc\u00e9s al lloc web i \/ o als serveis oferts sense previ av\u00eds, a petici\u00f3 pr\u00f2pia o d\u2019un tercer, als usuaris que no compleixin les presents Condicions Generals d\u2019\u00das.<\/p>\n<h2>7. GENERALITATS<\/h2>\n<p>AGG perseguir\u00e0 l&#8217;incompliment de les presents condicions, aix\u00ed com qualsevol \u00fas indegut del seu lloc web, mitjan\u00e7ant l&#8217;exercici de totes les accions civils i penals a les quals tingui dret per llei.<\/p>\n<h2>8. MODIFICACI\u00d3 DE LES CONDICIONS ACTUALS I DURADA<\/h2>\n<p>AGG podr\u00e0 modificar les condicions aqu\u00ed especificades en qualsevol moment i qualsevol modificaci\u00f3 que es publiqui degudament tal com es troba aqu\u00ed.<\/p>\n<p>Aquestes condicions estaran vigents durant el temps que es mostrin i estaran en vigor fins que no siguin modificades per altres condicions degudament publicades.<\/p>\n<h2>9. LEGISLACI\u00d3 APLICABLE I JURISDICCI\u00d3<\/h2>\n<p>La relaci\u00f3 entre AGG i l\u2019USUARI es regir\u00e0 per la normativa espanyola vigent i qualsevol controv\u00e8rsia es presentar\u00e0 als jutjats i tribunals de la ciutat de Barcelona.<\/p>\n\n                    \n    <\/div>     \n    [\/vc_column][vc_column width=&#8221;1\/12&#8243; offset=&#8221;vc_col-lg-2 vc_col-md-1&#8243;][\/vc_column][\/vc_row]<\/p>\n<\/div>","protected":false},"excerpt":{"rendered":"<p>[vc_row][vc_column width=&#8221;1\/12&#8243; offset=&#8221;vc_col-lg-2 vc_col-md-1&#8243;][\/vc_column][vc_column offset=&#8221;vc_col-lg-8 vc_col-md-10&#8243;][\/vc_column][vc_column width=&#8221;1\/12&#8243; offset=&#8221;vc_col-lg-2 vc_col-md-1&#8243;][\/vc_column][\/vc_row]<\/p>\n","protected":false},"author":4,"featured_media":0,"parent":0,"menu_order":33,"comment_status":"closed","ping_status":"closed","template":"","meta":{"footnotes":""},"class_list":["post-302","page","type-page","status-publish","hentry"],"yoast_head":"<!-- This site is optimized with the Yoast SEO plugin v22.7 - https:\/\/yoast.com\/wordpress\/plugins\/seo\/ -->\n<title>Pol\u00edtica de privacitat - AGG Lawyers &amp; Advisors<\/title>\n<meta name=\"robots\" content=\"index, follow, max-snippet:-1, max-image-preview:large, max-video-preview:-1\" \/>\n<link rel=\"canonical\" href=\"https:\/\/agg.cat\/ca\/politica-de-privacitat\/\" \/>\n<meta property=\"og:locale\" content=\"ca_ES\" \/>\n<meta property=\"og:type\" content=\"article\" \/>\n<meta property=\"og:title\" content=\"Pol\u00edtica de privacitat - AGG Lawyers &amp; Advisors\" \/>\n<meta property=\"og:description\" content=\"[vc_row][vc_column width=&#8221;1\/12&#8243; offset=&#8221;vc_col-lg-2 vc_col-md-1&#8243;][\/vc_column][vc_column offset=&#8221;vc_col-lg-8 vc_col-md-10&#8243;][\/vc_column][vc_column width=&#8221;1\/12&#8243; offset=&#8221;vc_col-lg-2 vc_col-md-1&#8243;][\/vc_column][\/vc_row]\" \/>\n<meta property=\"og:url\" content=\"https:\/\/agg.cat\/ca\/politica-de-privacitat\/\" \/>\n<meta property=\"og:site_name\" content=\"AGG Lawyers &amp; Advisors\" \/>\n<meta property=\"article:modified_time\" content=\"2021-06-21T15:23:59+00:00\" \/>\n<meta name=\"twitter:card\" content=\"summary_large_image\" \/>\n<meta name=\"twitter:label1\" content=\"Temps estimat de lectura\" \/>\n\t<meta name=\"twitter:data1\" content=\"4 minuts\" \/>\n<script type=\"application\/ld+json\" class=\"yoast-schema-graph\">{\"@context\":\"https:\/\/schema.org\",\"@graph\":[{\"@type\":\"WebPage\",\"@id\":\"https:\/\/agg.cat\/ca\/politica-de-privacitat\/\",\"url\":\"https:\/\/agg.cat\/ca\/politica-de-privacitat\/\",\"name\":\"Pol\u00edtica de privacitat - AGG Lawyers &amp; Advisors\",\"isPartOf\":{\"@id\":\"https:\/\/agg.cat\/#website\"},\"datePublished\":\"2017-05-11T13:02:49+00:00\",\"dateModified\":\"2021-06-21T15:23:59+00:00\",\"breadcrumb\":{\"@id\":\"https:\/\/agg.cat\/ca\/politica-de-privacitat\/#breadcrumb\"},\"inLanguage\":\"ca\",\"potentialAction\":[{\"@type\":\"ReadAction\",\"target\":[\"https:\/\/agg.cat\/ca\/politica-de-privacitat\/\"]}]},{\"@type\":\"BreadcrumbList\",\"@id\":\"https:\/\/agg.cat\/ca\/politica-de-privacitat\/#breadcrumb\",\"itemListElement\":[{\"@type\":\"ListItem\",\"position\":1,\"name\":\"Portada\",\"item\":\"https:\/\/agg.cat\/ca\/\"},{\"@type\":\"ListItem\",\"position\":2,\"name\":\"Pol\u00edtica de privacitat\"}]},{\"@type\":\"WebSite\",\"@id\":\"https:\/\/agg.cat\/#website\",\"url\":\"https:\/\/agg.cat\/\",\"name\":\"AGG Lawyers &amp; Advisors\",\"description\":\"AGG es una firma de abogados y asesores especializada en el a\u0301mbito de los negocios y la empresa\",\"potentialAction\":[{\"@type\":\"SearchAction\",\"target\":{\"@type\":\"EntryPoint\",\"urlTemplate\":\"https:\/\/agg.cat\/?s={search_term_string}\"},\"query-input\":\"required name=search_term_string\"}],\"inLanguage\":\"ca\"}]}<\/script>\n<!-- \/ Yoast SEO plugin. -->","yoast_head_json":{"title":"Pol\u00edtica de privacitat - AGG Lawyers &amp; Advisors","robots":{"index":"index","follow":"follow","max-snippet":"max-snippet:-1","max-image-preview":"max-image-preview:large","max-video-preview":"max-video-preview:-1"},"canonical":"https:\/\/agg.cat\/ca\/politica-de-privacitat\/","og_locale":"ca_ES","og_type":"article","og_title":"Pol\u00edtica de privacitat - AGG Lawyers &amp; Advisors","og_description":"[vc_row][vc_column width=&#8221;1\/12&#8243; offset=&#8221;vc_col-lg-2 vc_col-md-1&#8243;][\/vc_column][vc_column offset=&#8221;vc_col-lg-8 vc_col-md-10&#8243;][\/vc_column][vc_column width=&#8221;1\/12&#8243; offset=&#8221;vc_col-lg-2 vc_col-md-1&#8243;][\/vc_column][\/vc_row]","og_url":"https:\/\/agg.cat\/ca\/politica-de-privacitat\/","og_site_name":"AGG Lawyers &amp; Advisors","article_modified_time":"2021-06-21T15:23:59+00:00","twitter_card":"summary_large_image","twitter_misc":{"Temps estimat de lectura":"4 minuts"},"schema":{"@context":"https:\/\/schema.org","@graph":[{"@type":"WebPage","@id":"https:\/\/agg.cat\/ca\/politica-de-privacitat\/","url":"https:\/\/agg.cat\/ca\/politica-de-privacitat\/","name":"Pol\u00edtica de privacitat - AGG Lawyers &amp; Advisors","isPartOf":{"@id":"https:\/\/agg.cat\/#website"},"datePublished":"2017-05-11T13:02:49+00:00","dateModified":"2021-06-21T15:23:59+00:00","breadcrumb":{"@id":"https:\/\/agg.cat\/ca\/politica-de-privacitat\/#breadcrumb"},"inLanguage":"ca","potentialAction":[{"@type":"ReadAction","target":["https:\/\/agg.cat\/ca\/politica-de-privacitat\/"]}]},{"@type":"BreadcrumbList","@id":"https:\/\/agg.cat\/ca\/politica-de-privacitat\/#breadcrumb","itemListElement":[{"@type":"ListItem","position":1,"name":"Portada","item":"https:\/\/agg.cat\/ca\/"},{"@type":"ListItem","position":2,"name":"Pol\u00edtica de privacitat"}]},{"@type":"WebSite","@id":"https:\/\/agg.cat\/#website","url":"https:\/\/agg.cat\/","name":"AGG Lawyers &amp; Advisors","description":"AGG es una firma de abogados y asesores especializada en el a\u0301mbito de los negocios y la empresa","potentialAction":[{"@type":"SearchAction","target":{"@type":"EntryPoint","urlTemplate":"https:\/\/agg.cat\/?s={search_term_string}"},"query-input":"required name=search_term_string"}],"inLanguage":"ca"}]}},"_links":{"self":[{"href":"https:\/\/agg.cat\/ca\/wp-json\/wp\/v2\/pages\/302","targetHints":{"allow":["GET"]}}],"collection":[{"href":"https:\/\/agg.cat\/ca\/wp-json\/wp\/v2\/pages"}],"about":[{"href":"https:\/\/agg.cat\/ca\/wp-json\/wp\/v2\/types\/page"}],"author":[{"embeddable":true,"href":"https:\/\/agg.cat\/ca\/wp-json\/wp\/v2\/users\/4"}],"replies":[{"embeddable":true,"href":"https:\/\/agg.cat\/ca\/wp-json\/wp\/v2\/comments?post=302"}],"version-history":[{"count":0,"href":"https:\/\/agg.cat\/ca\/wp-json\/wp\/v2\/pages\/302\/revisions"}],"wp:attachment":[{"href":"https:\/\/agg.cat\/ca\/wp-json\/wp\/v2\/media?parent=302"}],"curies":[{"name":"wp","href":"https:\/\/api.w.org\/{rel}","templated":true}]}}